{"id":3072,"date":"2021-03-21T10:28:57","date_gmt":"2021-03-21T10:28:57","guid":{"rendered":"https:\/\/theonecaorle.com\/kontakte\/"},"modified":"2025-04-24T09:01:12","modified_gmt":"2025-04-24T09:01:12","slug":"kontakte","status":"publish","type":"page","link":"https:\/\/theonecaorle.com\/de\/kontakte\/","title":{"rendered":"Kontakte"},"content":{"rendered":"<p>[vc_row css=&#8221;.vc_custom_1476343737841{margin-top: 60px !important;}&#8221;][vc_column width=&#8221;1\/2&#8243;][vc_column_text]Sie k\u00f6nnen uns kontaktieren, indem Sie das unten stehende Formular ausf\u00fcllen oder uns anrufen oder eine E-Mail schreiben.[\/vc_column_text][\/vc_column][vc_column width=&#8221;1\/2&#8243;][vc_column_text]Telefon: +39 347 926 7283<br \/>\nE-mail: info@theonecaorle.com[\/vc_column_text][\/vc_column][\/vc_row][vc_row css=&#8221;.vc_custom_1492593618245{margin-top: 40px !important;}&#8221;][vc_column width=&#8221;1\/2&#8243;]<div style=\"background-color:; height: 20px;\" class=\"nicdark_section  \"><\/div> <h3 style=\"color:#1c1c1c; padding:px; text-align:; font-size:25px; line-height:25px; letter-spacing: px; font-weight:normal;\" class=\"   nd_options_first_font \">Contact us<\/h3> <div style=\"background-color:; height: 20px;\" class=\"nicdark_section  \"><\/div>\n\n    <style>\n\n    #nd_options_shortcode_cf7_13 input[type=\"text\"],\n    #nd_options_shortcode_cf7_13 input[type=\"email\"],\n    #nd_options_shortcode_cf7_13 input[type=\"url\"],\n    #nd_options_shortcode_cf7_13 input[type=\"tel\"],\n    #nd_options_shortcode_cf7_13 input[type=\"number\"],\n    #nd_options_shortcode_cf7_13 input[type=\"date\"],\n    #nd_options_shortcode_cf7_13 input[type=\"checkbox\"],\n    #nd_options_shortcode_cf7_13 input[type=\"file\"],\n    #nd_options_shortcode_cf7_13 textarea,\n    #nd_options_shortcode_cf7_13 label,\n    #nd_options_shortcode_cf7_13 select\n    {\n\n      width: 100%;\n\n    }\n\n\n    .nd_options_customizer_forms span.wpcf7-not-valid-tip,\n    .nd_options_customizer_forms .wpcf7-response-output.wpcf7-validation-errors,\n    .nd_options_customizer_forms .wpcf7-response-output.wpcf7-mail-sent-ok\n    {\n\n      float: left;\n      width: 100%;\n      box-sizing: border-box;\n\n    }\n\n    <\/style>\n\n  \n\n    <!--start form-->\n    <div id=\"nd_options_shortcode_cf7_13\" class=\"nd_options_section \">\n      \n      <div class=\"nd_options_section nd_options_box_sizing_border_box\">\n        <div role=\"form\" class=\"wpcf7\" id=\"wpcf7-f3076-o1\" lang=\"en-US\" dir=\"ltr\">\n<div class=\"screen-reader-response\"><p role=\"status\" aria-live=\"polite\" aria-atomic=\"true\"><\/p> <ul><\/ul><\/div>\n<form action=\"\/de\/wp-json\/wp\/v2\/pages\/3072#wpcf7-f3076-o1\" method=\"post\" class=\"wpcf7-form init\" novalidate=\"novalidate\" data-status=\"init\">\n<div style=\"display: none;\">\n<input type=\"hidden\" name=\"_wpcf7\" value=\"3076\" \/>\n<input type=\"hidden\" name=\"_wpcf7_version\" value=\"5.5.4\" \/>\n<input type=\"hidden\" name=\"_wpcf7_locale\" value=\"en_US\" \/>\n<input type=\"hidden\" name=\"_wpcf7_unit_tag\" value=\"wpcf7-f3076-o1\" \/>\n<input type=\"hidden\" name=\"_wpcf7_container_post\" value=\"0\" \/>\n<input type=\"hidden\" name=\"_wpcf7_posted_data_hash\" value=\"\" \/>\n<\/div>\n<p>Felder, die mit * markiert sind, sind Pflichtfelder<br \/>\n<br><br><br \/>\n<div class=\"nd_options_float_left nd_options_box_sizing_border_box nd_options_width_100_percentage_all_iphone_important nd_options_padding_0_right_important_all_iphone nd_options_padding_0_left_important_all_iphone \" style=\"padding: 0px 10px 15px 0px; width:100%;\" >\n<p>* Name und Nachname:<\/p>\n<p><span class=\"wpcf7-form-control-wrap nome\"><input type=\"text\" name=\"nome\" value=\"\" size=\"40\" class=\"wpcf7-form-control wpcf7-text wpcf7-validates-as-required nd_options_padding_10_20_important nd_options_margin_top_10\" aria-required=\"true\" aria-invalid=\"false\" \/><\/span><\/div><br \/>\n<div class=\"nd_options_float_left nd_options_box_sizing_border_box nd_options_width_100_percentage_all_iphone_important nd_options_padding_0_right_important_all_iphone nd_options_padding_0_left_important_all_iphone \" style=\"padding: 0px 10px 15px 0px; width:50%;\" >\n<p>* Email :<\/p>\n<p><span class=\"wpcf7-form-control-wrap email\"><input type=\"email\" name=\"email\" value=\"\" size=\"40\" class=\"wpcf7-form-control wpcf7-text wpcf7-email wpcf7-validates-as-required wpcf7-validates-as-email nd_options_padding_10_20_important nd_options_margin_top_10\" aria-required=\"true\" aria-invalid=\"false\" \/><\/span><\/div><br \/>\n<div class=\"nd_options_float_left nd_options_box_sizing_border_box nd_options_width_100_percentage_all_iphone_important nd_options_padding_0_right_important_all_iphone nd_options_padding_0_left_important_all_iphone \" style=\"padding: 0px 10px 15px 0px; width:50%;\" >\n<p>Telefon:<\/p>\n<p><span class=\"wpcf7-form-control-wrap telefono\"><input type=\"text\" name=\"telefono\" value=\"\" size=\"40\" class=\"wpcf7-form-control wpcf7-text nd_options_padding_10_20_important nd_options_margin_top_10\" aria-invalid=\"false\" \/><\/span><\/div>\n<div class=\"clearfix\"><\/div>\n<div class=\"nd_options_float_left nd_options_box_sizing_border_box nd_options_width_100_percentage_all_iphone_important nd_options_padding_0_right_important_all_iphone nd_options_padding_0_left_important_all_iphone \" style=\"padding: 0px 10px 15px 0px; width:100%;\" >\n<p>* Staat:<\/p>\n<p><span class=\"wpcf7-form-control-wrap nazionalita\"><input type=\"text\" name=\"nazionalita\" value=\"\" size=\"40\" class=\"wpcf7-form-control wpcf7-text wpcf7-validates-as-required nd_options_padding_10_20_important nd_options_margin_top_10\" aria-required=\"true\" aria-invalid=\"false\" \/><\/span><\/div>\n<div class=\"nd_options_float_left nd_options_box_sizing_border_box nd_options_width_100_percentage_all_iphone_important nd_options_padding_0_right_important_all_iphone nd_options_padding_0_left_important_all_iphone \" style=\"padding: 0px 10px 15px 0px; width:33%;\" >\n<p> Stadt:<\/p>\n<p><span class=\"wpcf7-form-control-wrap citta\"><input type=\"text\" name=\"citta\" value=\"\" size=\"40\" class=\"wpcf7-form-control wpcf7-text nd_options_padding_10_20_important nd_options_margin_top_10\" aria-invalid=\"false\" \/><\/span><\/div><br \/>\n<div class=\"nd_options_float_left nd_options_box_sizing_border_box nd_options_width_100_percentage_all_iphone_important nd_options_padding_0_right_important_all_iphone nd_options_padding_0_left_important_all_iphone \" style=\"padding: 0px 10px 15px 0px; width:33%;\" >\n<p> Provinz:<\/p>\n<p><span class=\"wpcf7-form-control-wrap provincia\"><input type=\"text\" name=\"provincia\" value=\"\" size=\"40\" class=\"wpcf7-form-control wpcf7-text nd_options_padding_10_20_important nd_options_margin_top_10\" aria-invalid=\"false\" \/><\/span><\/div><br \/>\n<div class=\"nd_options_float_left nd_options_box_sizing_border_box nd_options_width_100_percentage_all_iphone_important nd_options_padding_0_right_important_all_iphone nd_options_padding_0_left_important_all_iphone \" style=\"padding: 0px 10px 15px 0px; width:33%;\" >\n<p>Plz:<\/p>\n<p><span class=\"wpcf7-form-control-wrap cap\"><input type=\"text\" name=\"cap\" value=\"\" size=\"40\" class=\"wpcf7-form-control wpcf7-text nd_options_padding_10_20_important nd_options_margin_top_10\" aria-invalid=\"false\" \/><\/span><\/div>\n<div class=\"nd_options_float_left nd_options_box_sizing_border_box nd_options_width_100_percentage_all_iphone_important nd_options_padding_0_right_important_all_iphone nd_options_padding_0_left_important_all_iphone \" style=\"padding: 0px 10px 15px 0px; width:50%;\" >\n<p>* Anreise:<\/p>\n<p><span class=\"wpcf7-form-control-wrap arrivo\"><input type=\"text\" name=\"arrivo\" value=\"\" size=\"40\" class=\"wpcf7-form-control wpcf7-text wpcf7-validates-as-required nd_options_padding_10_20_important nd_options_margin_top_10\" aria-required=\"true\" aria-invalid=\"false\" \/><\/span><\/div><br \/>\n<div class=\"nd_options_float_left nd_options_box_sizing_border_box nd_options_width_100_percentage_all_iphone_important nd_options_padding_0_right_important_all_iphone nd_options_padding_0_left_important_all_iphone \" style=\"padding: 0px 10px 15px 0px; width:50%;\" >\n<p>* Abreise:<\/p>\n<p><span class=\"wpcf7-form-control-wrap partenza\"><input type=\"text\" name=\"partenza\" value=\"\" size=\"40\" class=\"wpcf7-form-control wpcf7-text wpcf7-validates-as-required nd_options_padding_10_20_important nd_options_margin_top_10\" aria-required=\"true\" aria-invalid=\"false\" \/><\/span><\/div>\n<div class=\"nd_options_float_left nd_options_box_sizing_border_box nd_options_width_100_percentage_all_iphone_important nd_options_padding_0_right_important_all_iphone nd_options_padding_0_left_important_all_iphone \" style=\"padding: 0px 10px 15px 0px; width:33%;\" >\n<p>* Erwachsene:<\/p>\n<p><span class=\"wpcf7-form-control-wrap adulti\"><input type=\"text\" name=\"adulti\" value=\"\" size=\"40\" class=\"wpcf7-form-control wpcf7-text wpcf7-validates-as-required nd_options_padding_10_20_important nd_options_margin_top_10\" aria-required=\"true\" aria-invalid=\"false\" \/><\/span><\/div><br \/>\n<div class=\"nd_options_float_left nd_options_box_sizing_border_box nd_options_width_100_percentage_all_iphone_important nd_options_padding_0_right_important_all_iphone nd_options_padding_0_left_important_all_iphone \" style=\"padding: 0px 10px 15px 0px; width:33%;\" >\n<p> Kinder:<\/p>\n<p><span class=\"wpcf7-form-control-wrap bambini\"><input type=\"text\" name=\"bambini\" value=\"\" size=\"40\" class=\"wpcf7-form-control wpcf7-text nd_options_padding_10_20_important nd_options_margin_top_10\" aria-invalid=\"false\" \/><\/span><\/div><br \/>\n<div class=\"nd_options_float_left nd_options_box_sizing_border_box nd_options_width_100_percentage_all_iphone_important nd_options_padding_0_right_important_all_iphone nd_options_padding_0_left_important_all_iphone \" style=\"padding: 0px 10px 15px 0px; width:33%;\" >\n<p>Alter der Kinder:<\/p>\n<p><span class=\"wpcf7-form-control-wrap eta_bambini\"><input type=\"text\" name=\"eta_bambini\" value=\"\" size=\"40\" class=\"wpcf7-form-control wpcf7-text nd_options_padding_10_20_important nd_options_margin_top_10\" aria-invalid=\"false\" \/><\/span><\/div>\n<div class=\"nd_options_float_left nd_options_box_sizing_border_box nd_options_width_100_percentage_all_iphone_important nd_options_padding_0_right_important_all_iphone nd_options_padding_0_left_important_all_iphone \" style=\"padding: 0px 10px 15px 0px; width:100%;\" >\n<p> Typ:<\/p>\n<p><span class=\"wpcf7-form-control-wrap Tipologia\"><select name=\"Tipologia\" class=\"wpcf7-form-control wpcf7-select\" aria-invalid=\"false\"><option value=\"Wohnung\">Wohnung<\/option><option value=\"Zimmer\">Zimmer<\/option><\/select><\/span><\/div>\n<div class=\"clearfix\"><\/div>\n<div class=\"nd_options_float_left nd_options_box_sizing_border_box nd_options_width_100_percentage_all_iphone_important nd_options_padding_0_right_important_all_iphone nd_options_padding_0_left_important_all_iphone \" style=\"padding: 0px 10px 15px 0px; width:100%;\" >\n<p>Note :<\/p>\n<p><span class=\"wpcf7-form-control-wrap messaggio\"><textarea name=\"messaggio\" cols=\"40\" rows=\"5\" class=\"wpcf7-form-control wpcf7-textarea nd_options_padding_10_20_important nd_options_margin_top_10\" aria-invalid=\"false\"><\/textarea><\/span><\/div>\n<div class=\"nd_options_float_left nd_options_box_sizing_border_box nd_options_width_100_percentage_all_iphone_important nd_options_padding_0_right_important_all_iphone nd_options_padding_0_left_important_all_iphone \" style=\"padding: 0px 10px 15px 0px; width:100%;\" >\n<p>Privacy policy :<\/p>\n<p><span class=\"wpcf7-form-control-wrap privacy\"><span class=\"wpcf7-form-control wpcf7-checkbox wpcf7-validates-as-required\"><span class=\"wpcf7-list-item first last\"><label><input type=\"checkbox\" name=\"privacy[]\" value=\"Ich habe die Datenschutzbestimmungen gelesen und akzeptiere sie\" \/><span class=\"wpcf7-list-item-label\">Ich habe die Datenschutzbestimmungen gelesen und akzeptiere sie<\/span><\/label><\/span><\/span><\/span><\/div>\n<div class=\"nd_options_float_left nd_options_box_sizing_border_box nd_options_width_100_percentage_all_iphone_important nd_options_padding_0_right_important_all_iphone nd_options_padding_0_left_important_all_iphone \" style=\"padding: 0px 0px 0px 0px; width:30%;\" ><input type=\"submit\" value=\"SEND\" class=\"wpcf7-form-control has-spinner wpcf7-submit nd_booking_padding_15_30_important nd_options_second_font_important nd_options_color_white nd_options_display_inline_block nd_options_font_size_11 nd_options_font_weight_bold nd_options_letter_spacing_2 nd_options_section\" \/><\/div>\n<div class=\"clearfix\"><\/div>\n<div class=\"wpcf7-response-output\" aria-hidden=\"true\"><\/div><\/form><\/div> \n      <\/div>  \n\n    <\/div>\n    <!--end form-->\n\n   <div style=\"background-color:; height: 20px;\" class=\"nicdark_section  \"><\/div>[\/vc_column][vc_column width=&#8221;1\/2&#8243;]<div style=\"background-color:; height: 20px;\" class=\"nicdark_section  \"><\/div> <h3 style=\"color:#1c1c1c; padding:px; text-align:; font-size:25px; line-height:25px; letter-spacing: px; font-weight:normal;\" class=\"   nd_options_first_font \">Frequently Asked Questions<\/h3> <div style=\"background-color:; height: 30px;\" class=\"nicdark_section  \"><\/div>[vc_column_text]Einige Informationen zu Ihrem Aufenthalt in unserem Hotel.[\/vc_column_text]<div style=\"background-color:; height: 25px;\" class=\"nicdark_section  \"><\/div>\n  \n  <script type=\"text\/javascript\">\n    \/\/<![CDATA[\n    \n    jQuery(document).ready(function() {\n\n      \/\/toogle\n      jQuery( \".nd_options_toogle_title_open_747\" ).click(function() {\n        jQuery( \".nd_options_toogle_content_747\" ).show( \"slow\", function() {\n          jQuery( \".nd_options_toogle_title_open_747\" ).css(\"display\",\"none\");\n          jQuery( \".nd_options_toogle_title_close_747\" ).css(\"display\",\"block\");\n        });\n      });\n      jQuery( \".nd_options_toogle_title_close_747\" ).click(function() {\n        jQuery( \".nd_options_toogle_content_747\" ).hide( \"slow\", function() {\n          jQuery( \".nd_options_toogle_title_close_747\" ).css(\"display\",\"none\");\n          jQuery( \".nd_options_toogle_title_open_747\" ).css(\"display\",\"block\");  \n        }); \n      });\n\n    });\n\n    \/\/]]>\n  <\/script>\n\n  \n\n    <div class=\"nd_options_section nd_options_toogles_contact_2 \">\n\n      <div class=\"nd_options_section nd_options_box_sizing_border_box\">\n        <p class=\"nd_options_toogle_title nd_options_first_font nd_options_font_size_17 nd_options_position_relative nd_options_padding_right_20 nd_options_padding_top_5 nd_options_padding_left_45 nd_options_padding_bottom_5\">\n          <span style=\"background-color:#c19b76;\" class=\"nd_options_cursor_pointer nd_options_text_align_center nd_options_toogle_title_open_747 nd_options_width_25 nd_options_height_25  nd_options_position_absolute nd_options_top_0 nd_options_left_0\">\n            <img decoding=\"async\" alt=\"\" class=\"nd_options_margin_top_6\" width=\"12\" src=\"https:\/\/theonecaorle.com\/apps\/nd-shortcodes\/shortcodes\/custom\/toogle\/icon-add-white.png\">\n          <\/span> \n          <span style=\"background-color:#c19b76;\"  class=\"nd_options_cursor_pointer nd_options_text_align_center nd_options_toogle_title_close_747 nd_options_width_25 nd_options_display_none nd_options_height_25  nd_options_position_absolute nd_options_top_0 nd_options_left_0\">\n            <img decoding=\"async\" alt=\"\" class=\"nd_options_margin_top_6\" width=\"12\" src=\"https:\/\/theonecaorle.com\/apps\/nd-shortcodes\/shortcodes\/custom\/toogle\/icon-less-white.png\">\n          <\/span>\n          Wie kann meine Anfrage best\u00e4tigt werden?\n        <\/p>\n      <\/div>\n      \n      <div class=\"nd_options_display_none nd_options_padding_20 nd_options_padding_left_45 nd_options_toogle_content_747 nd_options_section nd_options_box_sizing_border_box\">\n        <p>Reservierungen k\u00f6nnen nur von unserem Empfangspersonal best\u00e4tigt werden. Es kann durch die Zahlung einer Kaution oder mit einer Kreditkarte als Garantie best\u00e4tigt werden.<\/p>\n      <\/div>\n\n    <\/div>\n\n   <div style=\"background-color:; height: 18px;\" class=\"nicdark_section  \"><\/div>\n  \n  <script type=\"text\/javascript\">\n    \/\/<![CDATA[\n    \n    jQuery(document).ready(function() {\n\n      \/\/toogle\n      jQuery( \".nd_options_toogle_title_open_57\" ).click(function() {\n        jQuery( \".nd_options_toogle_content_57\" ).show( \"slow\", function() {\n          jQuery( \".nd_options_toogle_title_open_57\" ).css(\"display\",\"none\");\n          jQuery( \".nd_options_toogle_title_close_57\" ).css(\"display\",\"block\");\n        });\n      });\n      jQuery( \".nd_options_toogle_title_close_57\" ).click(function() {\n        jQuery( \".nd_options_toogle_content_57\" ).hide( \"slow\", function() {\n          jQuery( \".nd_options_toogle_title_close_57\" ).css(\"display\",\"none\");\n          jQuery( \".nd_options_toogle_title_open_57\" ).css(\"display\",\"block\");  \n        }); \n      });\n\n    });\n\n    \/\/]]>\n  <\/script>\n\n  \n\n    <div class=\"nd_options_section nd_options_toogles_contact_2 \">\n\n      <div class=\"nd_options_section nd_options_box_sizing_border_box\">\n        <p class=\"nd_options_toogle_title nd_options_first_font nd_options_font_size_17 nd_options_position_relative nd_options_padding_right_20 nd_options_padding_top_5 nd_options_padding_left_45 nd_options_padding_bottom_5\">\n          <span style=\"background-color:#c19b76;\" class=\"nd_options_cursor_pointer nd_options_text_align_center nd_options_toogle_title_open_57 nd_options_width_25 nd_options_height_25  nd_options_position_absolute nd_options_top_0 nd_options_left_0\">\n            <img decoding=\"async\" alt=\"\" class=\"nd_options_margin_top_6\" width=\"12\" src=\"https:\/\/theonecaorle.com\/apps\/nd-shortcodes\/shortcodes\/custom\/toogle\/icon-add-white.png\">\n          <\/span> \n          <span style=\"background-color:#c19b76;\"  class=\"nd_options_cursor_pointer nd_options_text_align_center nd_options_toogle_title_close_57 nd_options_width_25 nd_options_display_none nd_options_height_25  nd_options_position_absolute nd_options_top_0 nd_options_left_0\">\n            <img decoding=\"async\" alt=\"\" class=\"nd_options_margin_top_6\" width=\"12\" src=\"https:\/\/theonecaorle.com\/apps\/nd-shortcodes\/shortcodes\/custom\/toogle\/icon-less-white.png\">\n          <\/span>\n          Wie lauten die Stornierungsbedingungen?\n        <\/p>\n      <\/div>\n      \n      <div class=\"nd_options_display_none nd_options_padding_20 nd_options_padding_left_45 nd_options_toogle_content_57 nd_options_section nd_options_box_sizing_border_box\">\n        <p>Reservierungen k\u00f6nnen bis zu 5 Tage vor dem Anreisedatum kostenlos storniert werden. Nach dieser Frist werden nur noch die Kosten f\u00fcr die erste Nacht berechnet.<\/p>\n      <\/div>\n\n    <\/div>\n\n   <div style=\"background-color:; height: 18px;\" class=\"nicdark_section  \"><\/div>\n  \n  <script type=\"text\/javascript\">\n    \/\/<![CDATA[\n    \n    jQuery(document).ready(function() {\n\n      \/\/toogle\n      jQuery( \".nd_options_toogle_title_open_605\" ).click(function() {\n        jQuery( \".nd_options_toogle_content_605\" ).show( \"slow\", function() {\n          jQuery( \".nd_options_toogle_title_open_605\" ).css(\"display\",\"none\");\n          jQuery( \".nd_options_toogle_title_close_605\" ).css(\"display\",\"block\");\n        });\n      });\n      jQuery( \".nd_options_toogle_title_close_605\" ).click(function() {\n        jQuery( \".nd_options_toogle_content_605\" ).hide( \"slow\", function() {\n          jQuery( \".nd_options_toogle_title_close_605\" ).css(\"display\",\"none\");\n          jQuery( \".nd_options_toogle_title_open_605\" ).css(\"display\",\"block\");  \n        }); \n      });\n\n    });\n\n    \/\/]]>\n  <\/script>\n\n  \n\n    <div class=\"nd_options_section nd_options_toogles_contact_2 \">\n\n      <div class=\"nd_options_section nd_options_box_sizing_border_box\">\n        <p class=\"nd_options_toogle_title nd_options_first_font nd_options_font_size_17 nd_options_position_relative nd_options_padding_right_20 nd_options_padding_top_5 nd_options_padding_left_45 nd_options_padding_bottom_5\">\n          <span style=\"background-color:#c19b76;\" class=\"nd_options_cursor_pointer nd_options_text_align_center nd_options_toogle_title_open_605 nd_options_width_25 nd_options_height_25  nd_options_position_absolute nd_options_top_0 nd_options_left_0\">\n            <img decoding=\"async\" alt=\"\" class=\"nd_options_margin_top_6\" width=\"12\" src=\"https:\/\/theonecaorle.com\/apps\/nd-shortcodes\/shortcodes\/custom\/toogle\/icon-add-white.png\">\n          <\/span> \n          <span style=\"background-color:#c19b76;\"  class=\"nd_options_cursor_pointer nd_options_text_align_center nd_options_toogle_title_close_605 nd_options_width_25 nd_options_display_none nd_options_height_25  nd_options_position_absolute nd_options_top_0 nd_options_left_0\">\n            <img decoding=\"async\" alt=\"\" class=\"nd_options_margin_top_6\" width=\"12\" src=\"https:\/\/theonecaorle.com\/apps\/nd-shortcodes\/shortcodes\/custom\/toogle\/icon-less-white.png\">\n          <\/span>\n          Akzeptieren Sie Tiere?\n        <\/p>\n      <\/div>\n      \n      <div class=\"nd_options_display_none nd_options_padding_20 nd_options_padding_left_45 nd_options_toogle_content_605 nd_options_section nd_options_box_sizing_border_box\">\n        <p>Kleintiere sind willkommen, zu einem Preis von 25,00 \u20ac pro Tag<\/p>\n      <\/div>\n\n    <\/div>\n\n   <div style=\"background-color:; height: 18px;\" class=\"nicdark_section  \"><\/div>\n  \n  <script type=\"text\/javascript\">\n    \/\/<![CDATA[\n    \n    jQuery(document).ready(function() {\n\n      \/\/toogle\n      jQuery( \".nd_options_toogle_title_open_778\" ).click(function() {\n        jQuery( \".nd_options_toogle_content_778\" ).show( \"slow\", function() {\n          jQuery( \".nd_options_toogle_title_open_778\" ).css(\"display\",\"none\");\n          jQuery( \".nd_options_toogle_title_close_778\" ).css(\"display\",\"block\");\n        });\n      });\n      jQuery( \".nd_options_toogle_title_close_778\" ).click(function() {\n        jQuery( \".nd_options_toogle_content_778\" ).hide( \"slow\", function() {\n          jQuery( \".nd_options_toogle_title_close_778\" ).css(\"display\",\"none\");\n          jQuery( \".nd_options_toogle_title_open_778\" ).css(\"display\",\"block\");  \n        }); \n      });\n\n    });\n\n    \/\/]]>\n  <\/script>\n\n  \n\n    <div class=\"nd_options_section nd_options_toogles_contact_2 \">\n\n      <div class=\"nd_options_section nd_options_box_sizing_border_box\">\n        <p class=\"nd_options_toogle_title nd_options_first_font nd_options_font_size_17 nd_options_position_relative nd_options_padding_right_20 nd_options_padding_top_5 nd_options_padding_left_45 nd_options_padding_bottom_5\">\n          <span style=\"background-color:#c19b76;\" class=\"nd_options_cursor_pointer nd_options_text_align_center nd_options_toogle_title_open_778 nd_options_width_25 nd_options_height_25  nd_options_position_absolute nd_options_top_0 nd_options_left_0\">\n            <img decoding=\"async\" alt=\"\" class=\"nd_options_margin_top_6\" width=\"12\" src=\"https:\/\/theonecaorle.com\/apps\/nd-shortcodes\/shortcodes\/custom\/toogle\/icon-add-white.png\">\n          <\/span> \n          <span style=\"background-color:#c19b76;\"  class=\"nd_options_cursor_pointer nd_options_text_align_center nd_options_toogle_title_close_778 nd_options_width_25 nd_options_display_none nd_options_height_25  nd_options_position_absolute nd_options_top_0 nd_options_left_0\">\n            <img decoding=\"async\" alt=\"\" class=\"nd_options_margin_top_6\" width=\"12\" src=\"https:\/\/theonecaorle.com\/apps\/nd-shortcodes\/shortcodes\/custom\/toogle\/icon-less-white.png\">\n          <\/span>\n          Bieten Sie einen Transferservice zum und vom Flughafen an?\n        <\/p>\n      <\/div>\n      \n      <div class=\"nd_options_display_none nd_options_padding_20 nd_options_padding_left_45 nd_options_toogle_content_778 nd_options_section nd_options_box_sizing_border_box\">\n        <p>Das Hotel The One bietet seinen G\u00e4sten einen privaten Shuttle-Taxi-Service gegen eine Geb\u00fchr, die sich nach der zu fahrenden Strecke richtet.<\/p>\n      <\/div>\n\n    <\/div>\n\n   <div style=\"background-color:; height: 20px;\" class=\"nicdark_section  \"><\/div>[\/vc_column][\/vc_row]<\/p>\n","protected":false},"excerpt":{"rendered":"<p>[vc_row css=&#8221;.vc_custom_1476343737841{margin-top: 60px !important;}&#8221;][vc_column width=&#8221;1\/2&#8243;][vc_column_text]Sie k\u00f6nnen uns kontaktieren, indem Sie das unten stehende Formular ausf\u00fcllen oder uns anrufen oder eine E-Mail schreiben.[\/vc_column_text][\/vc_column][vc_column width=&#8221;1\/2&#8243;][vc_column_text]Telefon: +39 347 926 7283 E-mail: info@theonecaorle.com[\/vc_column_text][\/vc_column][\/vc_row][vc_row css=&#8221;.vc_custom_1492593618245{margin-top: 40px !important;}&#8221;][vc_column width=&#8221;1\/2&#8243;][\/vc_column][vc_column width=&#8221;1\/2&#8243;][vc_column_text]Einige Informationen zu Ihrem Aufenthalt in unserem Hotel.[\/vc_column_text][\/vc_column][\/vc_row]<\/p>\n","protected":false},"author":1,"featured_media":0,"parent":0,"menu_order":0,"comment_status":"closed","ping_status":"closed","template":"","meta":{"footnotes":""},"class_list":["post-3072","page","type-page","status-publish","hentry"],"acf":[],"_links":{"self":[{"href":"https:\/\/theonecaorle.com\/de\/wp-json\/wp\/v2\/pages\/3072","targetHints":{"allow":["GET"]}}],"collection":[{"href":"https:\/\/theonecaorle.com\/de\/wp-json\/wp\/v2\/pages"}],"about":[{"href":"https:\/\/theonecaorle.com\/de\/wp-json\/wp\/v2\/types\/page"}],"author":[{"embeddable":true,"href":"https:\/\/theonecaorle.com\/de\/wp-json\/wp\/v2\/users\/1"}],"replies":[{"embeddable":true,"href":"https:\/\/theonecaorle.com\/de\/wp-json\/wp\/v2\/comments?post=3072"}],"version-history":[{"count":4,"href":"https:\/\/theonecaorle.com\/de\/wp-json\/wp\/v2\/pages\/3072\/revisions"}],"predecessor-version":[{"id":6162,"href":"https:\/\/theonecaorle.com\/de\/wp-json\/wp\/v2\/pages\/3072\/revisions\/6162"}],"wp:attachment":[{"href":"https:\/\/theonecaorle.com\/de\/wp-json\/wp\/v2\/media?parent=3072"}],"curies":[{"name":"wp","href":"https:\/\/api.w.org\/{rel}","templated":true}]}}