{"id":2987,"date":"2021-03-19T16:10:08","date_gmt":"2021-03-19T16:10:08","guid":{"rendered":"https:\/\/theonecaorle.com\/gym\/"},"modified":"2021-07-18T09:04:51","modified_gmt":"2021-07-18T09:04:51","slug":"gym","status":"publish","type":"page","link":"https:\/\/theonecaorle.com\/de\/gym\/","title":{"rendered":"Gym"},"content":{"rendered":"<p>[vc_row equal_height=&#8221;yes&#8221;][vc_column css_animation=&#8221;fadeInLeft&#8221; width=&#8221;1\/2&#8243; css=&#8221;.vc_custom_1626514193162{background-position: center !important;background-repeat: no-repeat !important;background-size: cover !important;}&#8221;] <h2 style=\"color:#0a0a0a; padding:px; text-align:; font-size:30px; line-height:45px; letter-spacing: px; font-weight:lighter;\" class=\"    \">Legen Sie Wert auf Ihre Linie?<\/h2> [vc_column_text]<\/p>\n<div class=\"page\" title=\"Page 2\">\n<div class=\"section\">\n<div class=\"layoutArea\">\n<div class=\"column\">\n<p>Wir haben mit technologisch fortschrittlichen Maschinen und Zubeh\u00f6r einen professionellen Raum geschaffen, in dem Sie die Topausf\u00fchrung des mit dem G\u00fctesiegel \u201eMade in Italy\u201c versehenen Lacertosus erwartet. Unser Fitnessraum eignet sich sowohl f\u00fcr Anf\u00e4nger als auch erfahrene Sportler. Trainieren Sie Ihren K\u00f6rper auch im Urlaub verzichtlos.<\/p>\n<\/div>\n<div class=\"column\">\n<p>&nbsp;<\/p>\n<\/div>\n<\/div>\n<\/div>\n<\/div>\n<p>[\/vc_column_text][\/vc_column][vc_column css_animation=&#8221;fadeInRight&#8221; width=&#8221;1\/2&#8243; css=&#8221;.vc_custom_1626598738182{padding-top: 20px !important;padding-right: 20px !important;padding-bottom: 20px !important;padding-left: 20px !important;background-image: url(https:\/\/theonecaorle.com\/media\/2021\/07\/GYM-3.jpg?id=4133) !important;background-position: center !important;background-repeat: no-repeat !important;background-size: contain !important;}&#8221;][vc_empty_space height=&#8221;350px&#8221;][\/vc_column][\/vc_row][vc_row equal_height=&#8221;yes&#8221;][vc_column css_animation=&#8221;fadeInLeft&#8221; width=&#8221;1\/2&#8243; css=&#8221;.vc_custom_1626598801854{background-image: url(https:\/\/theonecaorle.com\/media\/2021\/07\/GYM.jpg?id=4128) !important;background-position: center !important;background-repeat: no-repeat !important;background-size: cover !important;}&#8221;][vc_empty_space height=&#8221;350px&#8221;][\/vc_column][vc_column css_animation=&#8221;fadeInRight&#8221; width=&#8221;1\/2&#8243; css=&#8221;.vc_custom_1626514211664{padding-top: 20px !important;padding-right: 20px !important;padding-bottom: 20px !important;padding-left: 20px !important;}&#8221;][vc_column_text]<\/p>\n<div class=\"page\" title=\"Page 2\">\n<div class=\"section\">\n<div class=\"layoutArea\">\n<div class=\"column\">\n<div class=\"column\">\n<p>\u25cf T\u00e4glich von 7:00 bis 22:00 Uhr ge\u00f6ffnet.<br \/>\n\u25cf Zugang ab 16 Jahren erlaubt.<br \/>\n\u25cf <em>Einige Dienstleistungen k\u00f6nnen sich aufgrund der geltenden Gesundheitsvorschriften in Bezug auf \u00d6ffnungszeiten und Betrieb \u00e4ndern, um die Gesundheit unserer G\u00e4ste und Mitarbeiter zu sch\u00fctzen.<\/em><\/p>\n<\/div>\n<\/div>\n<\/div>\n<\/div>\n<\/div>\n<p>[\/vc_column_text][\/vc_column][\/vc_row][vc_row full_width=&#8221;stretch_row&#8221; css=&#8221;.vc_custom_1626454632432{margin-top: 50px !important;margin-bottom: -50px !important;padding-top: 5% !important;padding-bottom: 5% !important;background-color: #d9b45e !important;}&#8221;][vc_column][vc_row_inner css=&#8221;.vc_custom_1626454746518{padding-top: 50px !important;padding-bottom: 30px !important;}&#8221;][vc_column_inner width=&#8221;1\/3&#8243;][vc_single_image image=&#8221;4146&#8243; img_size=&#8221;800&#215;600&#8243; onclick=&#8221;zoom&#8221;][\/vc_column_inner][vc_column_inner width=&#8221;1\/3&#8243;][vc_single_image image=&#8221;4141&#8243; img_size=&#8221;800&#215;600&#8243; onclick=&#8221;zoom&#8221;][\/vc_column_inner][vc_column_inner width=&#8221;1\/3&#8243;][vc_single_image image=&#8221;4136&#8243; img_size=&#8221;800&#215;600&#8243; onclick=&#8221;zoom&#8221;][\/vc_column_inner][\/vc_row_inner][\/vc_column][\/vc_row]<\/p>\n","protected":false},"excerpt":{"rendered":"<p>[vc_row equal_height=&#8221;yes&#8221;][vc_column css_animation=&#8221;fadeInLeft&#8221; width=&#8221;1\/2&#8243; css=&#8221;.vc_custom_1626514193162{background-position: center !important;background-repeat: no-repeat !important;background-size: cover !important;}&#8221;][vc_column_text] Wir haben mit technologisch fortschrittlichen Maschinen und Zubeh\u00f6r einen professionellen Raum geschaffen, in dem Sie die Topausf\u00fchrung des mit dem G\u00fctesiegel \u201eMade in Italy\u201c versehenen Lacertosus erwartet. Unser Fitnessraum eignet sich sowohl f\u00fcr Anf\u00e4nger als auch erfahrene Sportler. Trainieren Sie Ihren K\u00f6rper auch im [&hellip;]<\/p>\n","protected":false},"author":1,"featured_media":0,"parent":0,"menu_order":0,"comment_status":"closed","ping_status":"closed","template":"","meta":{"footnotes":""},"class_list":["post-2987","page","type-page","status-publish","hentry"],"acf":[],"_links":{"self":[{"href":"https:\/\/theonecaorle.com\/de\/wp-json\/wp\/v2\/pages\/2987","targetHints":{"allow":["GET"]}}],"collection":[{"href":"https:\/\/theonecaorle.com\/de\/wp-json\/wp\/v2\/pages"}],"about":[{"href":"https:\/\/theonecaorle.com\/de\/wp-json\/wp\/v2\/types\/page"}],"author":[{"embeddable":true,"href":"https:\/\/theonecaorle.com\/de\/wp-json\/wp\/v2\/users\/1"}],"replies":[{"embeddable":true,"href":"https:\/\/theonecaorle.com\/de\/wp-json\/wp\/v2\/comments?post=2987"}],"version-history":[{"count":4,"href":"https:\/\/theonecaorle.com\/de\/wp-json\/wp\/v2\/pages\/2987\/revisions"}],"predecessor-version":[{"id":4207,"href":"https:\/\/theonecaorle.com\/de\/wp-json\/wp\/v2\/pages\/2987\/revisions\/4207"}],"wp:attachment":[{"href":"https:\/\/theonecaorle.com\/de\/wp-json\/wp\/v2\/media?parent=2987"}],"curies":[{"name":"wp","href":"https:\/\/api.w.org\/{rel}","templated":true}]}}