{"id":2968,"date":"2021-03-19T14:47:22","date_gmt":"2021-03-19T14:47:22","guid":{"rendered":"https:\/\/theonecaorle.com\/wellness-area\/"},"modified":"2021-07-18T09:19:32","modified_gmt":"2021-07-18T09:19:32","slug":"wellness-area","status":"publish","type":"page","link":"https:\/\/theonecaorle.com\/de\/wellness-area\/","title":{"rendered":"Wellness Area"},"content":{"rendered":"<p>[vc_row equal_height=&#8221;yes&#8221;][vc_column css_animation=&#8221;fadeInLeft&#8221; width=&#8221;1\/2&#8243; css=&#8221;.vc_custom_1626514193162{background-position: center !important;background-repeat: no-repeat !important;background-size: cover !important;}&#8221;][vc_column_text]<\/p>\n<div class=\"page\" title=\"Page 2\">\n<div class=\"section\">\n<div class=\"layoutArea\">\n<div class=\"column\">\n<p><strong><span class=\"nicdark_font_size_70 nicdark_float_left nicdark_padding_28 nicdark_line_height_30 nicdark_first_font\">U<\/span>nser Wellnesscenter ist ein einladendes und entspannendes Ambiente, in dem Ihr Wohlbefinden im Mittelpunkt steht.<\/strong><\/p>\n<p>Lassen Sie sich k\u00f6rperlich und mental von unserem Spa einh\u00fcllen und entspannen Sie sich in unserer finnischen Sauna, dem Dampfbad mit Aromatherapie, der Emotionsdusche mit integrierter Farbtherapie, dem Ruheraum mit Salz oder auf den beheizten Designliegebetten sowie dem gro\u00dfen Whirlpool, der bei konstanten 32 Grad bis zu 8 Personen Platz bietet. Ein wahres Gegenmittel f\u00fcr Stress und Anspannung, das Geist und K\u00f6rper widerbeleben.<\/p>\n<\/div>\n<div class=\"column\">\n<p>&nbsp;<\/p>\n<\/div>\n<\/div>\n<\/div>\n<\/div>\n<p>[\/vc_column_text][\/vc_column][vc_column css_animation=&#8221;fadeInRight&#8221; width=&#8221;1\/2&#8243; css=&#8221;.vc_custom_1626599537819{padding-top: 20px !important;padding-right: 20px !important;padding-bottom: 20px !important;padding-left: 20px !important;background-image: url(https:\/\/theonecaorle.com\/media\/2021\/07\/SPA-6.jpg?id=4103) !important;background-position: center !important;background-repeat: no-repeat !important;background-size: cover !important;}&#8221;][vc_empty_space height=&#8221;500px&#8221;][\/vc_column][\/vc_row][vc_row equal_height=&#8221;yes&#8221;][vc_column css_animation=&#8221;fadeInLeft&#8221; width=&#8221;1\/2&#8243; css=&#8221;.vc_custom_1626599546649{background-image: url(https:\/\/theonecaorle.com\/media\/2021\/07\/SPA-4.jpg?id=4113) !important;background-position: center !important;background-repeat: no-repeat !important;background-size: cover !important;}&#8221;][vc_empty_space height=&#8221;350px&#8221;][\/vc_column][vc_column css_animation=&#8221;fadeInRight&#8221; width=&#8221;1\/2&#8243; css=&#8221;.vc_custom_1626514211664{padding-top: 20px !important;padding-right: 20px !important;padding-bottom: 20px !important;padding-left: 20px !important;}&#8221;][vc_column_text]<\/p>\n<div class=\"page\" title=\"Page 2\">\n<div class=\"section\">\n<div class=\"layoutArea\">\n<div class=\"column\">\n<div class=\"column\">\n<p>\u25cf Zugang buchungspflichtig.<br \/>\n\u25cf Zugang ab 16 Jahren erlaubt.<br \/>\n\u25cf <em>Einige Dienstleistungen k\u00f6nnen sich aufgrund der geltenden Gesundheitsvorschriften in Bezug auf \u00d6ffnungszeiten und Betrieb \u00e4ndern, um die Gesundheit unserer G\u00e4ste und Mitarbeiter zu sch\u00fctzen.<\/em><\/p>\n<\/div>\n<\/div>\n<\/div>\n<\/div>\n<\/div>\n<p>[\/vc_column_text][\/vc_column][\/vc_row][vc_row full_width=&#8221;stretch_row&#8221; css=&#8221;.vc_custom_1626454632432{margin-top: 50px !important;margin-bottom: -50px !important;padding-top: 5% !important;padding-bottom: 5% !important;background-color: #d9b45e !important;}&#8221;][vc_column][vc_row_inner css=&#8221;.vc_custom_1626454746518{padding-top: 50px !important;padding-bottom: 30px !important;}&#8221;][vc_column_inner width=&#8221;1\/3&#8243;][vc_single_image image=&#8221;4121&#8243; img_size=&#8221;800&#215;600&#8243; onclick=&#8221;zoom&#8221;][\/vc_column_inner][vc_column_inner width=&#8221;1\/3&#8243;][vc_single_image image=&#8221;4111&#8243; img_size=&#8221;800&#215;600&#8243; onclick=&#8221;zoom&#8221;][\/vc_column_inner][vc_column_inner width=&#8221;1\/3&#8243;][vc_single_image image=&#8221;4214&#8243; img_size=&#8221;800&#215;600&#8243; onclick=&#8221;zoom&#8221;][\/vc_column_inner][\/vc_row_inner][\/vc_column][\/vc_row]<\/p>\n","protected":false},"excerpt":{"rendered":"<p>[vc_row equal_height=&#8221;yes&#8221;][vc_column css_animation=&#8221;fadeInLeft&#8221; width=&#8221;1\/2&#8243; css=&#8221;.vc_custom_1626514193162{background-position: center !important;background-repeat: no-repeat !important;background-size: cover !important;}&#8221;][vc_column_text] Unser Wellnesscenter ist ein einladendes und entspannendes Ambiente, in dem Ihr Wohlbefinden im Mittelpunkt steht. Lassen Sie sich k\u00f6rperlich und mental von unserem Spa einh\u00fcllen und entspannen Sie sich in unserer finnischen Sauna, dem Dampfbad mit Aromatherapie, der Emotionsdusche mit integrierter Farbtherapie, dem Ruheraum [&hellip;]<\/p>\n","protected":false},"author":1,"featured_media":0,"parent":0,"menu_order":0,"comment_status":"closed","ping_status":"closed","template":"","meta":{"footnotes":""},"class_list":["post-2968","page","type-page","status-publish","hentry"],"acf":[],"_links":{"self":[{"href":"https:\/\/theonecaorle.com\/de\/wp-json\/wp\/v2\/pages\/2968","targetHints":{"allow":["GET"]}}],"collection":[{"href":"https:\/\/theonecaorle.com\/de\/wp-json\/wp\/v2\/pages"}],"about":[{"href":"https:\/\/theonecaorle.com\/de\/wp-json\/wp\/v2\/types\/page"}],"author":[{"embeddable":true,"href":"https:\/\/theonecaorle.com\/de\/wp-json\/wp\/v2\/users\/1"}],"replies":[{"embeddable":true,"href":"https:\/\/theonecaorle.com\/de\/wp-json\/wp\/v2\/comments?post=2968"}],"version-history":[{"count":4,"href":"https:\/\/theonecaorle.com\/de\/wp-json\/wp\/v2\/pages\/2968\/revisions"}],"predecessor-version":[{"id":4223,"href":"https:\/\/theonecaorle.com\/de\/wp-json\/wp\/v2\/pages\/2968\/revisions\/4223"}],"wp:attachment":[{"href":"https:\/\/theonecaorle.com\/de\/wp-json\/wp\/v2\/media?parent=2968"}],"curies":[{"name":"wp","href":"https:\/\/api.w.org\/{rel}","templated":true}]}}