{"id":2940,"date":"2021-03-19T10:38:22","date_gmt":"2021-03-19T10:38:22","guid":{"rendered":"https:\/\/theonecaorle.com\/the-one\/"},"modified":"2024-03-26T11:10:19","modified_gmt":"2024-03-26T11:10:19","slug":"the-one","status":"publish","type":"page","link":"https:\/\/theonecaorle.com\/de\/the-one\/","title":{"rendered":"The One"},"content":{"rendered":"<p>[vc_row][vc_column width=&#8221;6\/12&#8243; css=&#8221;.vc_custom_1467360650255{margin-top: 10px !important;margin-bottom: 10px !important;padding-top: 0px !important;padding-right: 40px !important;}&#8221;]<div style=\"background-color:; height: 10px;\" class=\"nicdark_section  \"><\/div> <h1 style=\"color:#1c1c1c; padding:px; text-align:right; font-size:40px; line-height:50px; letter-spacing: px; font-weight:normal;\" class=\"  nd_options_text_align_center_responsive_important nd_options_first_font \">The One Caorle Hotel &amp; Suite Family Apartments<\/h1> <div style=\"background-color:; height: 50px;\" class=\"nicdark_section  \"><\/div> <p style=\"color:#1c1c1c; padding:px; text-align:right; font-size:16px; line-height:35px; letter-spacing: px; font-weight:lighter;\" class=\"  nd_options_text_align_center_responsive_important nd_options_second_font \">Die im Herzen von Caorle und nur 50 Meter vom Meer entfernten One Caorle Hotel & Suite Family Apartments stehen f\u00fcr ein neues Luxuskonzept mit modernem Design. Wir empfangen unsere G\u00e4ste in einem gro\u00dfen und eleganten Ambiente. 94 stilvolle, in verschiedene Kategorien unterteilte Zimmer, davon viele mit Meerblick, bieten die ideale L\u00f6sung f\u00fcr alle Bed\u00fcrfnisse. 8 Suite-Familienapartments mit gro\u00dfen Fenstern und modernem Stil.<\/p> [\/vc_column][vc_column width=&#8221;3\/12&#8243; css=&#8221;.vc_custom_1467207292391{margin-top: 10px !important;margin-bottom: 10px !important;padding-top: 0px !important;}&#8221;]<div style=\"background-color:; height: 20px;\" class=\"nicdark_section  \"><\/div>[vc_column_text el_class=&#8221;nd_options_text_align_center_responsive&#8221;]<\/p>\n<div class=\"page\" title=\"Page 1\">\n<div class=\"section\">\n<div class=\"layoutArea\">\n<div class=\"column\">\n<p>Lassen Sie sich von den modernen und stilvollen M\u00f6beln der Lobby \u00fcberraschen, machen Sie es sich in den komfortablen Sitzbereichen bequem oder genie\u00dfen Sie einen entspannenden Moment an der Bar. Unser 850m\u00b2 gro\u00dfes, im 8. Stock gelegenes Rooftop wird Sie umwerfen: hier erwartet Sie ein reichhaltiges Fr\u00fchst\u00fcck mit Meerblick, ein angenehmes Mittagessen in mediterraner Atmosph\u00e4re oder ein Gourmet-Dinner unter dem Sternenhimmel. Das wahre Herzst\u00fcck unseres Hotels ist der Infinity Pool im obersten Stockwerk, ein auf 30 Grad beheizter, spektakul\u00e4r in der Luft schwebende Glaspool.<\/p><\/div>\n<\/div>\n<\/div>\n<\/div>\n<p>[\/vc_column_text][\/vc_column][vc_column width=&#8221;3\/12&#8243; css=&#8221;.vc_custom_1467207298589{margin-top: 10px !important;margin-bottom: 10px !important;padding-top: 0px !important;}&#8221;]<div style=\"background-color:; height: 20px;\" class=\"nicdark_section  \"><\/div>[vc_column_text el_class=&#8221;nd_options_text_align_center_responsive&#8221;]<\/p>\n<div class=\"page\" title=\"Page 1\">\n<div class=\"section\">\n<div class=\"layoutArea\">\n<div class=\"column\">\n<p>Dank unserer Daybeds auf dem weitl\u00e4ufigen Solarium mit einzigartigem Panorama und den edlen Tropfen in unserer Sky Bar 360\u00b0 by Pommery ist Ihrer Entspannung keine Grenzen gesetzt. G\u00f6nnen Sie sich einen Ruhemoment in unserem Wellnessbereich und trainieren Sie Ihre k\u00f6rperliche Fitness in unserem komplett ausgestatteten Fitnessraum. Das Restaurant Stelu&#8217; erwartet Sie zu einem k\u00f6stlichen Abendessen mit den Spezialit\u00e4ten der italienischen K\u00fcche und einer Auswahl der besten Weine. Unsere Idee entstand aus dem Wunsch heraus unseren G\u00e4sten ein neues, revitalisierendes und einzigartiges Erlebnis zu schenken.<\/p><\/div>\n<\/div>\n<\/div>\n<\/div>\n<p>[\/vc_column_text][\/vc_column][\/vc_row][vc_row gap=&#8221;15&#8243; equal_height=&#8221;yes&#8221; content_placement=&#8221;middle&#8221; css=&#8221;.vc_custom_1615152745578{margin-top: 30px !important;}&#8221;][vc_column width=&#8221;1\/3&#8243; css=&#8221;.vc_custom_1615152996895{padding-top: 100px !important;padding-bottom: 100px !important;background-image: url(http:\/\/theonecaorle.com\/media\/2021\/03\/skybar.jpg?id=1561) !important;background-position: center !important;background-repeat: no-repeat !important;background-size: cover !important;}&#8221;][vc_column_text el_class=&#8221;text-white&#8221;]<\/p>\n<h3 style=\"text-align: center;\"><strong>INFINITY POOL &#8211; AREA SOLARIUM<\/strong><\/h3>\n<p style=\"text-align: center;\"><a href=\"https:\/\/theonecaorle.com\/de\/infinity-pool-area-solarium\/\">Finde mehr heraus<\/a><\/p>\n<p>[\/vc_column_text][\/vc_column][vc_column width=&#8221;1\/3&#8243; css=&#8221;.vc_custom_1616424261400{padding-top: 100px !important;padding-bottom: 100px !important;background-image: url(http:\/\/theonecaorle.com\/media\/2021\/03\/solarium-theone.jpg?id=1562) !important;background-position: center !important;background-repeat: no-repeat !important;background-size: cover !important;}&#8221;][vc_column_text el_class=&#8221;text-white&#8221;]<\/p>\n<h3 style=\"text-align: center;\"><strong>360\u00b0 SKY BAR by Pommery<\/strong><\/h3>\n<p style=\"text-align: center;\"><a href=\"https:\/\/theonecaorle.com\/de\/sky-bar-360-by-pommery\/\">Finde mehr heraus<\/a><\/p>\n<p>[\/vc_column_text][\/vc_column][vc_column width=&#8221;1\/3&#8243; css=&#8221;.vc_custom_1616424269289{padding-top: 100px !important;padding-bottom: 100px !important;background-image: url(http:\/\/theonecaorle.com\/media\/2021\/03\/wellness-1.jpg?id=1563) !important;background-position: center !important;background-repeat: no-repeat !important;background-size: cover !important;}&#8221;][vc_column_text el_class=&#8221;text-white&#8221;]<\/p>\n<h3 style=\"text-align: center;\"><strong>WELLNESS AREA<\/strong><\/h3>\n<p style=\"text-align: center;\"><a href=\"https:\/\/theonecaorle.com\/de\/wellness-area\/\">Finde mehr heraus<\/a><\/p>\n<p>[\/vc_column_text][\/vc_column][\/vc_row][vc_row gap=&#8221;15&#8243; equal_height=&#8221;yes&#8221; content_placement=&#8221;middle&#8221; css=&#8221;.vc_custom_1615152745578{margin-top: 30px !important;}&#8221;][vc_column width=&#8221;1\/3&#8243; css=&#8221;.vc_custom_1616424282380{padding-top: 100px !important;padding-bottom: 100px !important;background-image: url(https:\/\/theonecaorle.com\/media\/2021\/03\/57813092_m.jpg?id=2975) !important;background-position: center !important;background-repeat: no-repeat !important;background-size: cover !important;}&#8221;][vc_column_text el_class=&#8221;text-white&#8221;]<\/p>\n<h3 style=\"text-align: center;\"><strong>GYM<\/strong><\/h3>\n<p style=\"text-align: center;\"><a href=\"https:\/\/theonecaorle.com\/de\/gym\/\">Finde mehr heraus<\/a><\/p>\n<p>[\/vc_column_text][\/vc_column][vc_column width=&#8221;1\/3&#8243; css=&#8221;.vc_custom_1616424247403{padding-top: 100px !important;padding-bottom: 100px !important;background-image: url(http:\/\/theonecaorle.com\/media\/2021\/03\/ristorante-stelu.jpg?id=1570) !important;background-position: center !important;background-repeat: no-repeat !important;background-size: cover !important;}&#8221;][vc_column_text el_class=&#8221;text-white&#8221;]<\/p>\n<h3 style=\"text-align: center;\"><strong>RESTAURANT STEL\u00d9<\/strong><\/h3>\n<p style=\"text-align: center;\"><a href=\"https:\/\/theonecaorle.com\/de\/restaurant-stelu\/\">Finde mehr heraus<\/a><\/p>\n<p>[\/vc_column_text][\/vc_column][vc_column width=&#8221;1\/3&#8243; css=&#8221;.vc_custom_1616424254502{padding-top: 100px !important;padding-bottom: 100px !important;background-image: url(http:\/\/theonecaorle.com\/media\/2021\/03\/breakfast.jpg?id=1571) !important;background-position: center !important;background-repeat: no-repeat !important;background-size: cover !important;}&#8221;][vc_column_text el_class=&#8221;text-white&#8221;]<\/p>\n<h3 style=\"text-align: center;\"><strong>FR\u00dcHST\u00dcCK MIT MEERBLICK<\/strong><\/h3>\n<p style=\"text-align: center;\"><a href=\"https:\/\/theonecaorle.com\/de\/fruehstueck-mit-meerblick\/\">Finde mehr heraus<\/a><\/p>\n<p>[\/vc_column_text][\/vc_column][\/vc_row][vc_row full_width=&#8221;stretch_row&#8221; parallax=&#8221;content-moving&#8221; parallax_image=&#8221;1573&#8243; css=&#8221;.vc_custom_1615154038512{margin-top: 60px !important;padding-top: 100px !important;padding-bottom: 100px !important;}&#8221; el_class=&#8221;nd_options_vc_parallax_filter_2_2&#8243;][vc_column width=&#8221;8\/12&#8243;]\n\n\n    <div class=\"nd_options_section nd_options_position_relative \">\n        <img decoding=\"async\" alt=\"\" class=\"nd_options_position_absolute nd_options_left_0\" width=\"55\" src=\"\">\n        <div class=\"nd_options_section nd_options_padding_left_80 nd_options_box_sizing_border_box\">\n            <h1 class=\"nd_options_font_size_40 nd_options_line_height_50\" style=\"color:#ffffff;\"><strong>Enjoy a luxury experience<\/strong><\/h1>\n        <\/div>\n    <\/div>\n\n\n  <div style=\"background-color:; height: 70px;\" class=\"nicdark_section  \"><\/div>[vc_row_inner][vc_column_inner width=&#8221;1\/4&#8243; css=&#8221;.vc_custom_1469630269458{padding-top: 10px !important;padding-bottom: 10px !important;}&#8221;]\n \n  <script type=\"text\/javascript\">\n    \/\/<![CDATA[\n    \n    jQuery(document).ready(function() {\n\n      \/\/START counter\n      jQuery(function ($) {\n        \n        \/\/ start all the timers\n        $(\".nd_options_counter\").each(count);\n        \n        function count(options) {\n            var $this = $(this);\n            options = $.extend({}, options || {}, $this.data(\"countToOptions\") || {});\n            $this.countTo(options);\n        }\n\n      });\n      \/\/END counter\n\n    });\n\n    \/\/]]>\n  <\/script>\n\n  <h1 style=\"text-align:center; color:#ffffff; font-size:50px; \" class=\" nd_options_counter_component_l1 nd_options_font_weight_bolder nd_options_counter  \" data-to=\"8\" data-speed=\"1000\">8<\/h1><div style=\"background-color:; height: 20px;\" class=\"nicdark_section  \"><\/div> <p style=\"color:#ffffff; padding:px; text-align:center; font-size:15px; line-height:30px; letter-spacing: 2px; font-weight:lighter;\" class=\"   nd_options_second_font \">Wohnungen<\/p> [\/vc_column_inner][vc_column_inner width=&#8221;1\/4&#8243; css=&#8221;.vc_custom_1469630276028{padding-top: 10px !important;padding-bottom: 10px !important;}&#8221;]\n \n  <script type=\"text\/javascript\">\n    \/\/<![CDATA[\n    \n    jQuery(document).ready(function() {\n\n      \/\/START counter\n      jQuery(function ($) {\n        \n        \/\/ start all the timers\n        $(\".nd_options_counter\").each(count);\n        \n        function count(options) {\n            var $this = $(this);\n            options = $.extend({}, options || {}, $this.data(\"countToOptions\") || {});\n            $this.countTo(options);\n        }\n\n      });\n      \/\/END counter\n\n    });\n\n    \/\/]]>\n  <\/script>\n\n  <h1 style=\"text-align:center; color:#ffffff; font-size:50px; \" class=\" nd_options_counter_component_l1 nd_options_font_weight_bolder nd_options_counter  \" data-to=\"94\" data-speed=\"1000\">94<\/h1><div style=\"background-color:; height: 20px;\" class=\"nicdark_section  \"><\/div> <p style=\"color:#ffffff; padding:px; text-align:center; font-size:15px; line-height:30px; letter-spacing: 2px; font-weight:lighter;\" class=\"   nd_options_second_font \">Zimmer<\/p> [\/vc_column_inner][\/vc_row_inner][\/vc_column][vc_column width=&#8221;4\/12&#8243;][\/vc_column][\/vc_row][vc_row css=&#8221;.vc_custom_1492509935473{margin-top: 45px !important;}&#8221;][vc_column width=&#8221;1\/12&#8243; el_class=&#8221;nd_options_text_align_center&#8221;][\/vc_column][vc_column width=&#8221;5\/12&#8243;]<div style=\"background-color:; height: 25px;\" class=\"nicdark_section  \"><\/div>\n\n    <div class=\"nd_options_section nd_options_position_relative \">\n\n        <img decoding=\"async\" style=\"top:10px;\" alt=\"\" class=\"nd_options_position_absolute nd_options_left_0\" width=\"50\" src=\"https:\/\/theonecaorle.com\/media\/2017\/07\/icon-13.png\">\n\n        <div style=\"padding-left:70px;\" class=\"nd_options_section nd_options_box_sizing_border_box\">\n            \n            <h3 class=\"  \" style=\"margin:; color:; font-size:px;line-height:px;\">Bar<\/h3> \n            <p class=\"nd_options_second_font  \" style=\"margin:0px 0px 15px 0px; color:#878787; font-size:14px;line-height:24px;\">Bar im Erdgeschoss im Empfangsbereich<\/p> \n            \n\n        <\/div>\n\n    <\/div>\n\n  <div style=\"background-color:; height: 50px;\" class=\"nicdark_section  \"><\/div>\n\n    <div class=\"nd_options_section nd_options_position_relative \">\n\n        <img decoding=\"async\" style=\"top:10px;\" alt=\"\" class=\"nd_options_position_absolute nd_options_left_0\" width=\"50\" src=\"https:\/\/theonecaorle.com\/media\/2017\/07\/icon-12-1.png\">\n\n        <div style=\"padding-left:70px;\" class=\"nd_options_section nd_options_box_sizing_border_box\">\n            \n            <h3 class=\"  \" style=\"margin:; color:; font-size:px;line-height:px;\">WIFI<\/h3> \n            <p class=\"nd_options_second_font  \" style=\"margin:0px 0px 15px 0px; color:#878787; font-size:14px;line-height:24px;\">Internet: WLAN \/ WiFi im gesamten Hotel<\/p> \n            \n\n        <\/div>\n\n    <\/div>\n\n  <div style=\"background-color:; height: 25px;\" class=\"nicdark_section  \"><\/div>[\/vc_column][vc_column width=&#8221;5\/12&#8243;]<div style=\"background-color:; height: 25px;\" class=\"nicdark_section  \"><\/div>\n\n    <div class=\"nd_options_section nd_options_position_relative \">\n\n        <img decoding=\"async\" style=\"top:10px;\" alt=\"\" class=\"nd_options_position_absolute nd_options_left_0\" width=\"50\" src=\"https:\/\/theonecaorle.com\/media\/2017\/07\/icon-11.png\">\n\n        <div style=\"padding-left:70px;\" class=\"nd_options_section nd_options_box_sizing_border_box\">\n            \n            <h3 class=\"  \" style=\"margin:; color:; font-size:px;line-height:px;\">Bike experience<\/h3> \n            <p class=\"nd_options_second_font  \" style=\"margin:0px 0px 15px 0px; color:#878787; font-size:14px;line-height:24px;\">Kostenloser Fahrradservice<\/p> \n            \n\n        <\/div>\n\n    <\/div>\n\n  <div style=\"background-color:; height: 50px;\" class=\"nicdark_section  \"><\/div>\n\n    <div class=\"nd_options_section nd_options_position_relative \">\n\n        <img decoding=\"async\" style=\"top:10px;\" alt=\"\" class=\"nd_options_position_absolute nd_options_left_0\" width=\"50\" src=\"https:\/\/theonecaorle.com\/media\/2017\/07\/icon-14-1.png\">\n\n        <div style=\"padding-left:70px;\" class=\"nd_options_section nd_options_box_sizing_border_box\">\n            \n            <h3 class=\"  \" style=\"margin:; color:; font-size:px;line-height:px;\">Ininity Pool<\/h3> \n            <p class=\"nd_options_second_font  \" style=\"margin:0px 0px 15px 0px; color:#878787; font-size:14px;line-height:24px;\">Infinity-Pool mit Blick auf das Meer in der obersten Etage mit Hydromassage beheizt<\/p> \n            \n\n        <\/div>\n\n    <\/div>\n\n  <div style=\"background-color:; height: 25px;\" class=\"nicdark_section  \"><\/div>[\/vc_column][vc_column width=&#8221;1\/12&#8243;][\/vc_column][\/vc_row][vc_row css=&#8221;.vc_custom_1492511016596{margin-top: 40px !important;margin-bottom: 20px !important;}&#8221;][vc_column el_class=&#8221;nd_options_text_align_center&#8221;]\n\t<div class=\"nd_options_section nd_options_text_align_center\">\n\t<a style=\"border: px solid ; border-radius:px; letter-spacing:2px; line-height:11px; font-size:11px; background-color:#c19b76; padding:15px 35px; margin:; color:#ffffff;\" rel=\"\"  href=\"https:\/\/theonecaorle.com\/de\/hotel-services\/\" class=\"nicdark_display_inline_block  nd_options_font_weight_bold nd_options_second_font  \">SIEHE ALLE DIENSTLEISTUNGEN<\/a>\n\t<\/div>\n[\/vc_column][\/vc_row]<\/p>\n","protected":false},"excerpt":{"rendered":"<p>[vc_row][vc_column width=&#8221;6\/12&#8243; css=&#8221;.vc_custom_1467360650255{margin-top: 10px !important;margin-bottom: 10px !important;padding-top: 0px !important;padding-right: 40px !important;}&#8221;][\/vc_column][vc_column width=&#8221;3\/12&#8243; css=&#8221;.vc_custom_1467207292391{margin-top: 10px !important;margin-bottom: 10px !important;padding-top: 0px !important;}&#8221;][vc_column_text el_class=&#8221;nd_options_text_align_center_responsive&#8221;] Lassen Sie sich von den modernen und stilvollen M\u00f6beln der Lobby \u00fcberraschen, machen Sie es sich in den komfortablen Sitzbereichen bequem oder genie\u00dfen Sie einen entspannenden Moment an der Bar. Unser 850m\u00b2 gro\u00dfes, im 8. [&hellip;]<\/p>\n","protected":false},"author":1,"featured_media":0,"parent":0,"menu_order":0,"comment_status":"closed","ping_status":"closed","template":"","meta":{"footnotes":""},"class_list":["post-2940","page","type-page","status-publish","hentry"],"acf":[],"_links":{"self":[{"href":"https:\/\/theonecaorle.com\/de\/wp-json\/wp\/v2\/pages\/2940","targetHints":{"allow":["GET"]}}],"collection":[{"href":"https:\/\/theonecaorle.com\/de\/wp-json\/wp\/v2\/pages"}],"about":[{"href":"https:\/\/theonecaorle.com\/de\/wp-json\/wp\/v2\/types\/page"}],"author":[{"embeddable":true,"href":"https:\/\/theonecaorle.com\/de\/wp-json\/wp\/v2\/users\/1"}],"replies":[{"embeddable":true,"href":"https:\/\/theonecaorle.com\/de\/wp-json\/wp\/v2\/comments?post=2940"}],"version-history":[{"count":11,"href":"https:\/\/theonecaorle.com\/de\/wp-json\/wp\/v2\/pages\/2940\/revisions"}],"predecessor-version":[{"id":5716,"href":"https:\/\/theonecaorle.com\/de\/wp-json\/wp\/v2\/pages\/2940\/revisions\/5716"}],"wp:attachment":[{"href":"https:\/\/theonecaorle.com\/de\/wp-json\/wp\/v2\/media?parent=2940"}],"curies":[{"name":"wp","href":"https:\/\/api.w.org\/{rel}","templated":true}]}}