{"id":2932,"date":"2021-03-19T09:58:40","date_gmt":"2021-03-19T09:58:40","guid":{"rendered":"https:\/\/theonecaorle.com\/sky-bar-360-by-pommery\/"},"modified":"2026-03-27T14:26:28","modified_gmt":"2026-03-27T14:26:28","slug":"sky-bar-360-by-pommery","status":"publish","type":"page","link":"https:\/\/theonecaorle.com\/de\/sky-bar-360-by-pommery\/","title":{"rendered":"Sky Bar 360\u00b0 &#8211; by Pommery"},"content":{"rendered":"<p>[vc_row][vc_column][vc_single_image image=&#8221;3677&#8243; img_size=&#8221;medium&#8221; alignment=&#8221;center&#8221; css=&#8221;.vc_custom_1626600554660{margin-bottom: 50px !important;}&#8221;][\/vc_column][\/vc_row][vc_row equal_height=&#8221;yes&#8221;][vc_column css_animation=&#8221;fadeInLeft&#8221; width=&#8221;1\/2&#8243; css=&#8221;.vc_custom_1626600594906{background-image: url(https:\/\/theonecaorle.com\/media\/2021\/07\/SKU-BAR-6.jpg?id=3882) !important;background-position: center !important;background-repeat: no-repeat !important;background-size: cover !important;}&#8221;][vc_empty_space height=&#8221;500px&#8221;][\/vc_column][vc_column css_animation=&#8221;fadeInRight&#8221; width=&#8221;1\/2&#8243; css=&#8221;.vc_custom_1626600604602{padding-top: 20px !important;padding-right: 20px !important;padding-bottom: 20px !important;padding-left: 20px !important;}&#8221;]\n\n      <style>\n      .nd_options_underline_effect.nd_options_underline_effect_409 u:after {\n        background-color:#000000;\n      }\n      <\/style>\n\n     <h2 style=\"color:#d9b45e; padding:px; text-align:; font-size:20px; line-height:px; letter-spacing: px; font-weight:lighter;\" class=\" nd_options_underline_effect nd_options_underline_effect_409  nd_options_third_font \">Genauso wollten wir sie: einzigartig und unnachahmbar.<\/h2> <div style=\"background-color:; height: 30px;\" class=\"nicdark_section  \"><\/div>[vc_column_text]<span class=\"nicdark_font_size_70 nicdark_float_left nicdark_padding_28 nicdark_line_height_30 nicdark_first_font\">I<\/span>m achten und obersten Stockwerk, in 30 Meter H\u00f6he mit einem spektakul\u00e4ren Blick auf das Meer und die Altstadt von Caorle. Die <strong>Sky Bar 360\u00b0<\/strong> ist eine vom Himmel umgebene Lounge, in der Sie Ihren Aperitif, Ihr Mittag- in einer atemberaubenden Location genie\u00dfen k\u00f6nnen.<br \/>\nVerbringen Sie entspannende Tage, bewundern Sie romantische Sonnenunterg\u00e4nge und g\u00f6nnen Sie sich glamour\u00f6se Abende mit den Kreationen unserer Barkeepers sowie einer Auswahl der besten Weine und Champagner.<br \/>\n<em>Lassen Sie Ihren Tag mit einem Gourmet-Dinner unter Sternenhimmel und mit Blick auf das Meer, in einer Location, in der Ihre Tr\u00e4ume wahr werden k\u00f6nnen, ausklingen. (*reservierungspflichtiger Service)<\/em><\/p>\n<p>Den Sommer hindurch erwarten Sie abwechselnd DJ Sets und Abende mit musikalischer Unterhaltung.[\/vc_column_text][\/vc_column][\/vc_row][vc_row equal_height=&#8221;yes&#8221;][vc_column css_animation=&#8221;fadeInLeft&#8221; width=&#8221;1\/2&#8243; css=&#8221;.vc_custom_1626600610806{padding-top: 20px !important;padding-right: 20px !important;padding-bottom: 20px !important;padding-left: 20px !important;}&#8221;][vc_column_text]\u25cf T\u00e4glich (von 12.00 Uhr f\u00fcr externe G\u00e4ste)\u00a0bis 01:00 Uhr ge\u00f6ffnet.<br \/>\n\u25cf Mittagessen von 12:30 bis 14:30 Uhr<br \/>\n\u25cf G\u00e4ste des The One Caorle sind herzlich willkommen<br \/>\n\u25cf M\u00f6glichkeit der Tischreservierung f\u00fcr Privatevents<br \/>\n\u25cf Einige Dienstleistungen k\u00f6nnen sich aufgrund der geltenden<br \/>\nGesundheitsvorschriften in Bezug auf \u00d6ffnungszeiten und Betrieb \u00e4ndern, um die Gesundheit unserer G\u00e4ste und Mitarbeiter zu sch\u00fctzen.[\/vc_column_text][\/vc_column][vc_column css_animation=&#8221;fadeInRight&#8221; width=&#8221;1\/2&#8243; css=&#8221;.vc_custom_1626600617378{background-image: url(https:\/\/theonecaorle.com\/media\/2021\/07\/TheOneCaorle-013.jpg?id=4286) !important;background-position: center !important;background-repeat: no-repeat !important;background-size: cover !important;}&#8221;][vc_empty_space height=&#8221;500px&#8221;][\/vc_column][\/vc_row][vc_row full_width=&#8221;stretch_row&#8221; gap=&#8221;35&#8243; css=&#8221;.vc_custom_1679912160129{margin-bottom: 0px !important;padding-top: 100px !important;padding-bottom: 100px !important;background-color: #f2f2f2 !important;}&#8221;][vc_column width=&#8221;1\/2&#8243;][vc_column_text]<\/p>\n<h2>SkyBar 360\u00b0 Menu<\/h2>\n<p>&nbsp;<\/p>\n<p>Entdecken Sie unsere Getr\u00e4nkekarte und unsere Gin-Auswahl.<\/p>\n<p><em>Nehmen Sie sich den Luxus, sich Zeit zu nehmen.<\/em>[\/vc_column_text][\/vc_column][vc_column width=&#8221;1\/2&#8243;][vc_row_inner][vc_column_inner width=&#8221;1\/2&#8243;][vc_column_text]<\/p>\n<p style=\"text-align: center;\"><strong>SkyBar 360\u00b0 &#8211; Drink list<br \/>\n<\/strong>[\/vc_column_text][vc_single_image image=&#8221;5379&#8243; img_size=&#8221;400&#215;450&#8243; alignment=&#8221;center&#8221; style=&#8221;vc_box_border&#8221; border_color=&#8221;white&#8221; onclick=&#8221;custom_link&#8221; img_link_target=&#8221;_blank&#8221; link=&#8221;https:\/\/theonecaorle.com\/media\/2026\/03\/05_TheOne_drink-list_162x210_2026_IT_EN.pdf&#8221;][\/vc_column_inner][vc_column_inner width=&#8221;1\/2&#8243;][vc_column_text]<\/p>\n<p style=\"text-align: center;\"><strong>SkyBar 360\u00b0 &#8211; Gin List<br \/>\n<\/strong>[\/vc_column_text][vc_single_image image=&#8221;6200&#8243; img_size=&#8221;400&#215;450&#8243; alignment=&#8221;center&#8221; onclick=&#8221;custom_link&#8221; img_link_target=&#8221;_blank&#8221; link=&#8221;https:\/\/theonecaorle.com\/media\/2026\/03\/TheOne_Gin_pieghevole_12x18_2025-1.pdf&#8221;][\/vc_column_inner][\/vc_row_inner][\/vc_column][\/vc_row][vc_row full_width=&#8221;stretch_row&#8221; css=&#8221;.vc_custom_1679912659573{margin-top: 0px !important;margin-bottom: -50px !important;padding-top: 5% !important;padding-bottom: 5% !important;background-color: #d9b45e !important;}&#8221;][vc_column][vc_row_inner css=&#8221;.vc_custom_1654008284420{margin-bottom: 30px !important;padding-top: 0px !important;padding-bottom: 0px !important;}&#8221;][vc_column_inner width=&#8221;1\/3&#8243;][vc_single_image image=&#8221;5048&#8243; img_size=&#8221;800&#215;600&#8243; onclick=&#8221;zoom&#8221;][\/vc_column_inner][vc_column_inner width=&#8221;1\/3&#8243;][vc_single_image image=&#8221;5038&#8243; img_size=&#8221;800&#215;600&#8243; onclick=&#8221;zoom&#8221;][\/vc_column_inner][vc_column_inner width=&#8221;1\/3&#8243;][vc_single_image image=&#8221;5043&#8243; img_size=&#8221;800&#215;600&#8243; onclick=&#8221;zoom&#8221;][\/vc_column_inner][\/vc_row_inner][vc_row_inner css=&#8221;.vc_custom_1654008284420{margin-bottom: 30px !important;padding-top: 0px !important;padding-bottom: 0px !important;}&#8221;][vc_column_inner width=&#8221;1\/3&#8243;][vc_single_image image=&#8221;6057&#8243; img_size=&#8221;800&#215;600&#8243; onclick=&#8221;zoom&#8221;][\/vc_column_inner][vc_column_inner width=&#8221;1\/3&#8243;][vc_single_image image=&#8221;6062&#8243; img_size=&#8221;800&#215;600&#8243; onclick=&#8221;zoom&#8221;][\/vc_column_inner][vc_column_inner width=&#8221;1\/3&#8243;][vc_single_image image=&#8221;6067&#8243; img_size=&#8221;800&#215;600&#8243; onclick=&#8221;zoom&#8221;][\/vc_column_inner][\/vc_row_inner][vc_row_inner css=&#8221;.vc_custom_1654008284420{margin-bottom: 30px !important;padding-top: 0px !important;padding-bottom: 0px !important;}&#8221;][vc_column_inner width=&#8221;1\/3&#8243;][vc_single_image image=&#8221;6072&#8243; img_size=&#8221;800&#215;600&#8243; onclick=&#8221;zoom&#8221;][\/vc_column_inner][vc_column_inner width=&#8221;1\/3&#8243;][vc_single_image image=&#8221;6077&#8243; img_size=&#8221;800&#215;600&#8243; onclick=&#8221;zoom&#8221;][\/vc_column_inner][vc_column_inner width=&#8221;1\/3&#8243;][vc_single_image image=&#8221;5998&#8243; img_size=&#8221;800&#215;600&#8243; onclick=&#8221;zoom&#8221;][\/vc_column_inner][\/vc_row_inner][vc_row_inner css=&#8221;.vc_custom_1654008284420{margin-bottom: 30px !important;padding-top: 0px !important;padding-bottom: 0px !important;}&#8221;][vc_column_inner width=&#8221;1\/3&#8243;][vc_single_image image=&#8221;6087&#8243; img_size=&#8221;800&#215;600&#8243; onclick=&#8221;zoom&#8221;][\/vc_column_inner][vc_column_inner width=&#8221;1\/3&#8243;][vc_single_image image=&#8221;6092&#8243; img_size=&#8221;800&#215;600&#8243; onclick=&#8221;zoom&#8221;][\/vc_column_inner][vc_column_inner width=&#8221;1\/3&#8243;][vc_single_image image=&#8221;6082&#8243; img_size=&#8221;800&#215;600&#8243; onclick=&#8221;zoom&#8221;][\/vc_column_inner][\/vc_row_inner][vc_row_inner css=&#8221;.vc_custom_1654008299761{margin-bottom: 30px !important;padding-top: 0px !important;padding-bottom: 0px !important;}&#8221;][vc_column_inner width=&#8221;1\/3&#8243;][vc_single_image image=&#8221;5033&#8243; img_size=&#8221;800&#215;600&#8243; onclick=&#8221;zoom&#8221;][\/vc_column_inner][vc_column_inner width=&#8221;1\/3&#8243;][vc_single_image image=&#8221;4229&#8243; img_size=&#8221;800&#215;600&#8243; onclick=&#8221;zoom&#8221;][\/vc_column_inner][vc_column_inner width=&#8221;1\/3&#8243;][vc_single_image image=&#8221;3856&#8243; img_size=&#8221;800&#215;600&#8243; onclick=&#8221;zoom&#8221;][\/vc_column_inner][\/vc_row_inner][vc_row_inner css=&#8221;.vc_custom_1654008305847{margin-bottom: 30px !important;}&#8221;][vc_column_inner width=&#8221;1\/3&#8243;][vc_single_image image=&#8221;5200&#8243; img_size=&#8221;800&#215;600&#8243; onclick=&#8221;zoom&#8221;][\/vc_column_inner][vc_column_inner width=&#8221;1\/3&#8243;][vc_single_image image=&#8221;5205&#8243; img_size=&#8221;800&#215;600&#8243; onclick=&#8221;zoom&#8221;][\/vc_column_inner][vc_column_inner width=&#8221;1\/3&#8243;][vc_single_image image=&#8221;5210&#8243; img_size=&#8221;800&#215;600&#8243; onclick=&#8221;zoom&#8221;][\/vc_column_inner][\/vc_row_inner][vc_row_inner css=&#8221;.vc_custom_1654008305847{margin-bottom: 30px !important;}&#8221;][vc_column_inner width=&#8221;1\/3&#8243;][vc_single_image image=&#8221;3861&#8243; img_size=&#8221;800&#215;600&#8243; onclick=&#8221;zoom&#8221;][\/vc_column_inner][vc_column_inner width=&#8221;1\/3&#8243;][vc_single_image image=&#8221;3871&#8243; img_size=&#8221;800&#215;600&#8243; onclick=&#8221;zoom&#8221;][\/vc_column_inner][vc_column_inner width=&#8221;1\/3&#8243;][vc_single_image image=&#8221;5053&#8243; img_size=&#8221;800&#215;600&#8243; onclick=&#8221;zoom&#8221;][\/vc_column_inner][\/vc_row_inner][\/vc_column][\/vc_row][vc_row full_width=&#8221;stretch_row&#8221; gap=&#8221;35&#8243; css=&#8221;.vc_custom_1715597476183{margin-bottom: 0px !important;padding-top: 100px !important;padding-bottom: 100px !important;background-color: #ffffff !important;}&#8221;][vc_column width=&#8221;1\/2&#8243;][vc_single_image image=&#8221;5454&#8243; img_size=&#8221;medium&#8221;][vc_column_text css=&#8221;.vc_custom_1758877986610{padding-top: 20px !important;padding-bottom: 20px !important;}&#8221;]Bistrot 360\u00b0 im 8. Stock<br \/>\n<!-- Ge\u00f6ffnet zum Mittagessen von 12:30 bis 14:15 --><br \/>\nGeschlossen. Auf Wiedersehen im Jahr 2026.[\/vc_column_text][\/vc_column][vc_column width=&#8221;1\/2&#8243;][vc_row_inner][vc_column_inner][vc_column_text]<\/p>\n<p style=\"text-align: center;\"><strong>Bistro 360\u00b0 &#8211; Men\u00f9<br \/>\n<\/strong>[\/vc_column_text][vc_single_image image=&#8221;5639&#8243; img_size=&#8221;medium&#8221; alignment=&#8221;center&#8221; onclick=&#8221;custom_link&#8221; img_link_target=&#8221;_blank&#8221; link=&#8221;https:\/\/theonecaorle.com\/media\/2024\/05\/menu-bistrot-2024-1.pdf&#8221;][\/vc_column_inner][\/vc_row_inner][\/vc_column][\/vc_row][vc_row full_width=&#8221;stretch_row&#8221; css=&#8221;.vc_custom_1715597479909{margin-top: 0px !important;margin-bottom: -50px !important;padding-top: 5% !important;padding-bottom: 5% !important;background-color: #ffffff !important;}&#8221;][vc_column][vc_row_inner css=&#8221;.vc_custom_1654008284420{margin-bottom: 30px !important;padding-top: 0px !important;padding-bottom: 0px !important;}&#8221;][vc_column_inner width=&#8221;1\/3&#8243;][vc_single_image image=&#8221;5490&#8243; img_size=&#8221;800&#215;600&#8243; onclick=&#8221;zoom&#8221;][\/vc_column_inner][vc_column_inner width=&#8221;1\/3&#8243;][vc_single_image image=&#8221;5485&#8243; img_size=&#8221;800&#215;600&#8243; onclick=&#8221;zoom&#8221;][\/vc_column_inner][vc_column_inner width=&#8221;1\/3&#8243;][vc_single_image image=&#8221;5480&#8243; img_size=&#8221;800&#215;600&#8243; onclick=&#8221;zoom&#8221;][\/vc_column_inner][\/vc_row_inner][vc_row_inner css=&#8221;.vc_custom_1654008299761{margin-bottom: 30px !important;padding-top: 0px !important;padding-bottom: 0px !important;}&#8221;][vc_column_inner width=&#8221;1\/3&#8243;][vc_single_image image=&#8221;5500&#8243; img_size=&#8221;800&#215;600&#8243; onclick=&#8221;zoom&#8221;][\/vc_column_inner][vc_column_inner width=&#8221;1\/3&#8243;][vc_single_image image=&#8221;5520&#8243; img_size=&#8221;800&#215;600&#8243; onclick=&#8221;zoom&#8221;][\/vc_column_inner][vc_column_inner width=&#8221;1\/3&#8243;][vc_single_image image=&#8221;5495&#8243; img_size=&#8221;800&#215;600&#8243; onclick=&#8221;zoom&#8221;][\/vc_column_inner][\/vc_row_inner][vc_row_inner css=&#8221;.vc_custom_1654008305847{margin-bottom: 30px !important;}&#8221;][vc_column_inner width=&#8221;1\/3&#8243;][vc_single_image image=&#8221;5465&#8243; img_size=&#8221;800&#215;600&#8243; onclick=&#8221;zoom&#8221;][\/vc_column_inner][vc_column_inner width=&#8221;1\/3&#8243;][vc_single_image image=&#8221;5510&#8243; img_size=&#8221;800&#215;600&#8243; onclick=&#8221;zoom&#8221;][\/vc_column_inner][vc_column_inner width=&#8221;1\/3&#8243;][vc_single_image image=&#8221;5470&#8243; img_size=&#8221;800&#215;600&#8243; onclick=&#8221;zoom&#8221;][\/vc_column_inner][\/vc_row_inner][vc_row_inner css=&#8221;.vc_custom_1654008305847{margin-bottom: 30px !important;}&#8221;][vc_column_inner width=&#8221;1\/3&#8243;][vc_single_image image=&#8221;5515&#8243; img_size=&#8221;800&#215;600&#8243; onclick=&#8221;zoom&#8221;][\/vc_column_inner][vc_column_inner width=&#8221;1\/3&#8243;][vc_single_image image=&#8221;5475&#8243; img_size=&#8221;800&#215;600&#8243; onclick=&#8221;zoom&#8221;][\/vc_column_inner][vc_column_inner width=&#8221;1\/3&#8243;][vc_single_image image=&#8221;5505&#8243; img_size=&#8221;800&#215;600&#8243; onclick=&#8221;zoom&#8221;][\/vc_column_inner][\/vc_row_inner][\/vc_column][\/vc_row]<\/p>\n","protected":false},"excerpt":{"rendered":"<p>[vc_row][vc_column][vc_single_image image=&#8221;3677&#8243; img_size=&#8221;medium&#8221; alignment=&#8221;center&#8221; css=&#8221;.vc_custom_1626600554660{margin-bottom: 50px !important;}&#8221;][\/vc_column][\/vc_row][vc_row equal_height=&#8221;yes&#8221;][vc_column css_animation=&#8221;fadeInLeft&#8221; width=&#8221;1\/2&#8243; css=&#8221;.vc_custom_1626600594906{background-image: url(https:\/\/theonecaorle.com\/media\/2021\/07\/SKU-BAR-6.jpg?id=3882) !important;background-position: center !important;background-repeat: no-repeat !important;background-size: cover !important;}&#8221;][vc_empty_space height=&#8221;500px&#8221;][\/vc_column][vc_column css_animation=&#8221;fadeInRight&#8221; width=&#8221;1\/2&#8243; css=&#8221;.vc_custom_1626600604602{padding-top: 20px !important;padding-right: 20px !important;padding-bottom: 20px !important;padding-left: 20px !important;}&#8221;][vc_column_text]Im achten und obersten Stockwerk, in 30 Meter H\u00f6he mit einem spektakul\u00e4ren Blick auf das Meer und die Altstadt von Caorle. Die Sky Bar 360\u00b0 [&hellip;]<\/p>\n","protected":false},"author":1,"featured_media":0,"parent":0,"menu_order":0,"comment_status":"closed","ping_status":"closed","template":"","meta":{"footnotes":""},"class_list":["post-2932","page","type-page","status-publish","hentry"],"acf":[],"_links":{"self":[{"href":"https:\/\/theonecaorle.com\/de\/wp-json\/wp\/v2\/pages\/2932","targetHints":{"allow":["GET"]}}],"collection":[{"href":"https:\/\/theonecaorle.com\/de\/wp-json\/wp\/v2\/pages"}],"about":[{"href":"https:\/\/theonecaorle.com\/de\/wp-json\/wp\/v2\/types\/page"}],"author":[{"embeddable":true,"href":"https:\/\/theonecaorle.com\/de\/wp-json\/wp\/v2\/users\/1"}],"replies":[{"embeddable":true,"href":"https:\/\/theonecaorle.com\/de\/wp-json\/wp\/v2\/comments?post=2932"}],"version-history":[{"count":42,"href":"https:\/\/theonecaorle.com\/de\/wp-json\/wp\/v2\/pages\/2932\/revisions"}],"predecessor-version":[{"id":6236,"href":"https:\/\/theonecaorle.com\/de\/wp-json\/wp\/v2\/pages\/2932\/revisions\/6236"}],"wp:attachment":[{"href":"https:\/\/theonecaorle.com\/de\/wp-json\/wp\/v2\/media?parent=2932"}],"curies":[{"name":"wp","href":"https:\/\/api.w.org\/{rel}","templated":true}]}}