{"id":2915,"date":"2021-03-18T16:20:32","date_gmt":"2021-03-18T16:20:32","guid":{"rendered":"https:\/\/theonecaorle.com\/restaurant-stelu\/"},"modified":"2026-03-27T14:54:29","modified_gmt":"2026-03-27T14:54:29","slug":"restaurant-stelu","status":"publish","type":"page","link":"https:\/\/theonecaorle.com\/de\/restaurant-stelu\/","title":{"rendered":"Restaurant Stel\u00f9"},"content":{"rendered":"<p>[vc_row][vc_column][vc_single_image image=&#8221;3663&#8243; img_size=&#8221;medium&#8221; alignment=&#8221;center&#8221; css=&#8221;.vc_custom_1625474575106{margin-bottom: 50px !important;}&#8221;][\/vc_column][\/vc_row][vc_row equal_height=&#8221;yes&#8221;][vc_column width=&#8221;1\/2&#8243; css=&#8221;.vc_custom_1626454080965{background-image: url(https:\/\/theonecaorle.com\/media\/2021\/07\/RISTORANTE-1.jpg?id=3802) !important;background-position: center !important;background-repeat: no-repeat !important;background-size: cover !important;}&#8221;][vc_empty_space height=&#8221;500px&#8221;][\/vc_column][vc_column width=&#8221;1\/2&#8243; css=&#8221;.vc_custom_1625490391013{padding-top: 20px !important;padding-right: 20px !important;padding-bottom: 20px !important;padding-left: 20px !important;}&#8221;][vc_column_text]<span class=\"nicdark_font_size_70 nicdark_float_left nicdark_padding_28 nicdark_line_height_30 nicdark_first_font\">U<\/span>nser <strong>Restaurant Stel\u00f9<\/strong> ist eine elegante und moderne Location, in der Sie, dank der auf moderne und originelle Art neuinterpr\u00e4tierten Traditionsgerichten, in eine Welt der kulinarischen Exzellenz eintauchen.<br \/>\nEine K\u00fcche, in der Authentizit\u00e4t und h\u00f6chste Rohstoffqualit\u00e4t Hand in Hand gehen.<br \/>\nSo entstehen innovative Gerichte voller Leidenschaft und mit \u00fcberraschendem Geschmack, die von unserer Auswahl an besten Weinen und Champagner begleitet werden.<br \/>\nWir legen besonders viel Wert auf den Fisch unseres Meeres und hervorragende Fleischprodukte, doch mangelt es dabei nicht an vegetarischen Optionen und Pizzaangeboten.[\/vc_column_text][\/vc_column][\/vc_row][vc_row equal_height=&#8221;yes&#8221;][vc_column width=&#8221;1\/2&#8243; css=&#8221;.vc_custom_1625490387917{padding-top: 20px !important;padding-right: 20px !important;padding-bottom: 20px !important;padding-left: 20px !important;}&#8221;][vc_column_text]<\/p>\n<h3>Kochen ist Emotion.<\/h3>\n<p><em>\u25cf <\/em>T\u00e4glich von 18:00 bis 22:30 Uhr ge\u00f6ffnet<br \/>\n<em>\u25cf Einige Dienstleistungen k\u00f6nnen sich aufgrund der geltenden<\/em><br \/>\n<em>Gesundheitsvorschriften in Bezug auf \u00d6ffnungszeiten und Betrieb \u00e4ndern, um die Gesundheit unserer G\u00e4ste und Mitarbeiter zu sch\u00fctzen.<\/em>[\/vc_column_text][\/vc_column][vc_column width=&#8221;1\/2&#8243; css=&#8221;.vc_custom_1626454102357{background-image: url(https:\/\/theonecaorle.com\/media\/2021\/07\/RISTORANTE.jpg?id=3812) !important;background-position: center !important;background-repeat: no-repeat !important;background-size: cover !important;}&#8221;][vc_empty_space height=&#8221;500px&#8221;][\/vc_column][\/vc_row][vc_row full_width=&#8221;stretch_row&#8221; css=&#8221;.vc_custom_1656083003758{margin-top: 50px !important;margin-bottom: -50px !important;padding-top: 50px !important;padding-bottom: 50px !important;background-color: #ededed !important;}&#8221;][vc_column][vc_column_text]<\/p>\n<p style=\"text-align: center;\"><strong>Stel\u00f9 Restaurant Speisekarte<\/strong><\/p>\n<p>[\/vc_column_text][vc_single_image image=&#8221;4349&#8243; img_size=&#8221;full&#8221; alignment=&#8221;center&#8221; style=&#8221;vc_box_shadow_3d&#8221; onclick=&#8221;custom_link&#8221; img_link_target=&#8221;_blank&#8221; link=&#8221;https:\/\/theonecaorle.com\/media\/2026\/03\/TheOne_Stelu_menu_IT_DE_2026.pdf&#8221;][\/vc_column][\/vc_row][vc_row full_width=&#8221;stretch_row&#8221; css=&#8221;.vc_custom_1656085804111{margin-top: 50px !important;margin-bottom: -50px !important;padding-top: 5% !important;padding-bottom: 5% !important;background-color: #d9b45e !important;}&#8221;][vc_column][vc_row_inner css=&#8221;.vc_custom_1654010182470{margin-bottom: 30px !important;}&#8221;][vc_column_inner width=&#8221;1\/3&#8243;][vc_single_image image=&#8221;4991&#8243; img_size=&#8221;800&#215;600&#8243; onclick=&#8221;zoom&#8221;][\/vc_column_inner][vc_column_inner width=&#8221;1\/3&#8243;][vc_single_image image=&#8221;4957&#8243; img_size=&#8221;800&#215;600&#8243; onclick=&#8221;zoom&#8221;][\/vc_column_inner][vc_column_inner width=&#8221;1\/3&#8243;][vc_single_image image=&#8221;4962&#8243; img_size=&#8221;800&#215;600&#8243; onclick=&#8221;zoom&#8221;][\/vc_column_inner][\/vc_row_inner][vc_row_inner css=&#8221;.vc_custom_1654010187765{margin-bottom: 30px !important;padding-top: 0px !important;padding-bottom: 0px !important;}&#8221;][vc_column_inner width=&#8221;1\/3&#8243;][vc_single_image image=&#8221;4985&#8243; img_size=&#8221;800&#215;600&#8243; onclick=&#8221;zoom&#8221;][\/vc_column_inner][vc_column_inner width=&#8221;1\/3&#8243;][vc_single_image image=&#8221;3806&#8243; img_size=&#8221;800&#215;600&#8243; onclick=&#8221;zoom&#8221;][\/vc_column_inner][vc_column_inner width=&#8221;1\/3&#8243;][vc_single_image image=&#8221;3826&#8243; img_size=&#8221;800&#215;600&#8243; onclick=&#8221;zoom&#8221;][\/vc_column_inner][\/vc_row_inner][vc_row_inner css=&#8221;.vc_custom_1654010192884{margin-bottom: 30px !important;}&#8221;][vc_column_inner width=&#8221;1\/3&#8243;][vc_single_image image=&#8221;4967&#8243; img_size=&#8221;800&#215;600&#8243; onclick=&#8221;zoom&#8221;][\/vc_column_inner][vc_column_inner width=&#8221;1\/3&#8243;][vc_single_image image=&#8221;4972&#8243; img_size=&#8221;800&#215;600&#8243; onclick=&#8221;zoom&#8221;][\/vc_column_inner][vc_column_inner width=&#8221;1\/3&#8243;][vc_single_image image=&#8221;4977&#8243; img_size=&#8221;800&#215;600&#8243; onclick=&#8221;zoom&#8221;][\/vc_column_inner][\/vc_row_inner][vc_row_inner css=&#8221;.vc_custom_1654010177262{margin-bottom: 30px !important;}&#8221;][vc_column_inner width=&#8221;1\/3&#8243;][vc_single_image image=&#8221;5581&#8243; img_size=&#8221;800&#215;600&#8243; onclick=&#8221;zoom&#8221;][\/vc_column_inner][vc_column_inner width=&#8221;1\/3&#8243;][vc_single_image image=&#8221;5586&#8243; img_size=&#8221;800&#215;600&#8243; onclick=&#8221;zoom&#8221;][\/vc_column_inner][vc_column_inner width=&#8221;1\/3&#8243;][vc_single_image image=&#8221;5591&#8243; img_size=&#8221;800&#215;600&#8243; onclick=&#8221;zoom&#8221;][\/vc_column_inner][\/vc_row_inner][vc_row_inner css=&#8221;.vc_custom_1654010177262{margin-bottom: 30px !important;}&#8221;][vc_column_inner width=&#8221;1\/3&#8243;][vc_single_image image=&#8221;5596&#8243; img_size=&#8221;800&#215;600&#8243; onclick=&#8221;zoom&#8221;][\/vc_column_inner][vc_column_inner width=&#8221;1\/3&#8243;][vc_single_image image=&#8221;5601&#8243; img_size=&#8221;800&#215;600&#8243; onclick=&#8221;zoom&#8221;][\/vc_column_inner][vc_column_inner width=&#8221;1\/3&#8243;][vc_single_image image=&#8221;5606&#8243; img_size=&#8221;800&#215;600&#8243; onclick=&#8221;zoom&#8221;][\/vc_column_inner][\/vc_row_inner][\/vc_column][\/vc_row]<\/p>\n","protected":false},"excerpt":{"rendered":"<p>[vc_row][vc_column][vc_single_image image=&#8221;3663&#8243; img_size=&#8221;medium&#8221; alignment=&#8221;center&#8221; css=&#8221;.vc_custom_1625474575106{margin-bottom: 50px !important;}&#8221;][\/vc_column][\/vc_row][vc_row equal_height=&#8221;yes&#8221;][vc_column width=&#8221;1\/2&#8243; css=&#8221;.vc_custom_1626454080965{background-image: url(https:\/\/theonecaorle.com\/media\/2021\/07\/RISTORANTE-1.jpg?id=3802) !important;background-position: center !important;background-repeat: no-repeat !important;background-size: cover !important;}&#8221;][vc_empty_space height=&#8221;500px&#8221;][\/vc_column][vc_column width=&#8221;1\/2&#8243; css=&#8221;.vc_custom_1625490391013{padding-top: 20px !important;padding-right: 20px !important;padding-bottom: 20px !important;padding-left: 20px !important;}&#8221;][vc_column_text]Unser Restaurant Stel\u00f9 ist eine elegante und moderne Location, in der Sie, dank der auf moderne und originelle Art neuinterpr\u00e4tierten Traditionsgerichten, in eine Welt der kulinarischen Exzellenz [&hellip;]<\/p>\n","protected":false},"author":1,"featured_media":0,"parent":0,"menu_order":0,"comment_status":"closed","ping_status":"closed","template":"","meta":{"footnotes":""},"class_list":["post-2915","page","type-page","status-publish","hentry"],"acf":[],"_links":{"self":[{"href":"https:\/\/theonecaorle.com\/de\/wp-json\/wp\/v2\/pages\/2915","targetHints":{"allow":["GET"]}}],"collection":[{"href":"https:\/\/theonecaorle.com\/de\/wp-json\/wp\/v2\/pages"}],"about":[{"href":"https:\/\/theonecaorle.com\/de\/wp-json\/wp\/v2\/types\/page"}],"author":[{"embeddable":true,"href":"https:\/\/theonecaorle.com\/de\/wp-json\/wp\/v2\/users\/1"}],"replies":[{"embeddable":true,"href":"https:\/\/theonecaorle.com\/de\/wp-json\/wp\/v2\/comments?post=2915"}],"version-history":[{"count":21,"href":"https:\/\/theonecaorle.com\/de\/wp-json\/wp\/v2\/pages\/2915\/revisions"}],"predecessor-version":[{"id":6249,"href":"https:\/\/theonecaorle.com\/de\/wp-json\/wp\/v2\/pages\/2915\/revisions\/6249"}],"wp:attachment":[{"href":"https:\/\/theonecaorle.com\/de\/wp-json\/wp\/v2\/media?parent=2915"}],"curies":[{"name":"wp","href":"https:\/\/api.w.org\/{rel}","templated":true}]}}