{"id":2906,"date":"2021-03-18T16:14:37","date_gmt":"2021-03-18T16:14:37","guid":{"rendered":"https:\/\/theonecaorle.com\/infinity-pool-area-solarium\/"},"modified":"2024-07-15T16:31:13","modified_gmt":"2024-07-15T16:31:13","slug":"infinity-pool-area-solarium","status":"publish","type":"page","link":"https:\/\/theonecaorle.com\/de\/infinity-pool-area-solarium\/","title":{"rendered":"Infinity Pool"},"content":{"rendered":"<p>[vc_row equal_height=&#8221;yes&#8221;][vc_column css_animation=&#8221;fadeInLeft&#8221; width=&#8221;1\/2&#8243; css=&#8221;.vc_custom_1626514193162{background-position: center !important;background-repeat: no-repeat !important;background-size: cover !important;}&#8221;][vc_column_text]<\/p>\n<div class=\"page\" title=\"Page 2\">\n<div class=\"section\">\n<div class=\"layoutArea\">\n<div class=\"column\">\n<p><span class=\"nicdark_font_size_70 nicdark_float_left nicdark_padding_28 nicdark_line_height_30 nicdark_first_font\">I<\/span>m obersten Stockwerk befindet sich ein magischer Ort Unser in der Luft schwebende Infinity Pool ist ein spektakul\u00e4res Glasbecken mit Whirlpool, das Ihnen einen einzigartigen Blick auf das Meer bietet und Sie das ganze Jahr hindurch mit 30 Grad Wassertemperatur erwartet.<\/p>\n<\/div>\n<div class=\"column\">\n<p><strong>Das Schwimmbad ist den Hotelg\u00e4sten vorbehalten.<\/strong><\/p>\n<\/div>\n<\/div>\n<\/div>\n<\/div>\n<p>[\/vc_column_text] <h2 style=\"color:#0a0a0a; padding:px; text-align:; font-size:30px; line-height:45px; letter-spacing: px; font-weight:lighter;\" class=\"    \">Heated Infinity Pool... endless pleasure all year long<\/h2> [\/vc_column][vc_column css_animation=&#8221;fadeInRight&#8221; width=&#8221;1\/2&#8243; css=&#8221;.vc_custom_1721060330062{padding-top: 20px !important;padding-right: 20px !important;padding-bottom: 20px !important;padding-left: 20px !important;background-image: url(https:\/\/theonecaorle.com\/media\/2024\/07\/foto-piscina-2024-the-one-caorle-20.jpg?id=6003) !important;background-position: center !important;background-repeat: no-repeat !important;background-size: contain !important;}&#8221;][vc_empty_space height=&#8221;350px&#8221;][\/vc_column][\/vc_row][vc_row equal_height=&#8221;yes&#8221;][vc_column css_animation=&#8221;fadeInLeft&#8221; width=&#8221;1\/2&#8243; css=&#8221;.vc_custom_1721060338247{background-position: center !important;background-repeat: no-repeat !important;background-size: cover !important;}&#8221;][vc_empty_space height=&#8221;350px&#8221;][\/vc_column][vc_column css_animation=&#8221;fadeInRight&#8221; width=&#8221;1\/2&#8243; css=&#8221;.vc_custom_1626514211664{padding-top: 20px !important;padding-right: 20px !important;padding-bottom: 20px !important;padding-left: 20px !important;}&#8221;][vc_column_text]<\/p>\n<div class=\"page\" title=\"Page 2\">\n<div class=\"section\">\n<div class=\"layoutArea\">\n<div class=\"column\">\n<div class=\"column\">\n<div class=\"column\">\n<p>Wir haben auch an einen Pool f\u00fcr unsere kleinen G\u00e4ste gedacht.<br \/>\nWiegen Sie sich in unseren stilvollen Daybeds, Maxibeds und Sonnenliegen auf unserem gro\u00dfen Solarium.<\/p>\n<\/div>\n<p>&nbsp;<\/p>\n<div class=\"column\">\n<p>\u25cf <em>Einige Dienstleistungen k\u00f6nnen sich aufgrund der geltenden Gesundheitsvorschriften in Bezug auf \u00d6ffnungszeiten und Betrieb \u00e4ndern, um die Gesundheit unserer G\u00e4ste und Mitarbeiter zu sch\u00fctzen.<\/em><\/p>\n<p>&nbsp;<\/p>\n<p><strong>Der gro\u00dfe Pool ist f\u00fcr Kinder unter 4 Jahren verboten.<\/strong><\/p>\n<\/div>\n<\/div>\n<\/div>\n<\/div>\n<\/div>\n<\/div>\n<p>[\/vc_column_text][\/vc_column][\/vc_row][vc_row full_width=&#8221;stretch_row&#8221; css=&#8221;.vc_custom_1721060194425{margin-top: 50px !important;margin-bottom: -50px !important;padding-top: 5% !important;padding-bottom: 5% !important;background-color: #d9b45e !important;}&#8221;][vc_column][vc_row_inner css=&#8221;.vc_custom_1654007707189{margin-bottom: 50px !important;padding-top: 0px !important;padding-bottom: 0px !important;}&#8221;][vc_column_inner width=&#8221;1\/3&#8243;][vc_single_image image=&#8221;5953&#8243; img_size=&#8221;800&#215;600&#8243; onclick=&#8221;zoom&#8221;][\/vc_column_inner][vc_column_inner width=&#8221;1\/3&#8243;][vc_single_image image=&#8221;6028&#8243; img_size=&#8221;800&#215;600&#8243; onclick=&#8221;zoom&#8221;][\/vc_column_inner][vc_column_inner width=&#8221;1\/3&#8243;][vc_single_image image=&#8221;6018&#8243; img_size=&#8221;800&#215;600&#8243; onclick=&#8221;zoom&#8221;][\/vc_column_inner][\/vc_row_inner][vc_row_inner css=&#8221;.vc_custom_1654007713853{margin-bottom: 50px !important;padding-top: 0px !important;padding-bottom: 0px !important;}&#8221;][vc_column_inner width=&#8221;1\/3&#8243;][vc_single_image image=&#8221;5963&#8243; img_size=&#8221;800&#215;600&#8243; onclick=&#8221;zoom&#8221;][\/vc_column_inner][vc_column_inner width=&#8221;1\/3&#8243;][vc_single_image image=&#8221;5998&#8243; img_size=&#8221;800&#215;600&#8243; onclick=&#8221;zoom&#8221;][\/vc_column_inner][vc_column_inner width=&#8221;1\/3&#8243;][vc_single_image image=&#8221;5948&#8243; img_size=&#8221;800&#215;600&#8243; onclick=&#8221;zoom&#8221;][\/vc_column_inner][\/vc_row_inner][vc_row_inner css=&#8221;.vc_custom_1654007713853{margin-bottom: 50px !important;padding-top: 0px !important;padding-bottom: 0px !important;}&#8221;][vc_column_inner width=&#8221;1\/3&#8243;][vc_single_image image=&#8221;5988&#8243; img_size=&#8221;800&#215;600&#8243; onclick=&#8221;zoom&#8221;][\/vc_column_inner][vc_column_inner width=&#8221;1\/3&#8243;][vc_single_image image=&#8221;6038&#8243; img_size=&#8221;800&#215;600&#8243; onclick=&#8221;zoom&#8221;][\/vc_column_inner][vc_column_inner width=&#8221;1\/3&#8243;][vc_single_image image=&#8221;5983&#8243; img_size=&#8221;800&#215;600&#8243; onclick=&#8221;zoom&#8221;][\/vc_column_inner][\/vc_row_inner][vc_row_inner css=&#8221;.vc_custom_1654007713853{margin-bottom: 50px !important;padding-top: 0px !important;padding-bottom: 0px !important;}&#8221;][vc_column_inner width=&#8221;1\/3&#8243;][vc_single_image image=&#8221;6008&#8243; img_size=&#8221;800&#215;600&#8243; onclick=&#8221;zoom&#8221;][\/vc_column_inner][vc_column_inner width=&#8221;1\/3&#8243;][vc_single_image image=&#8221;5978&#8243; img_size=&#8221;800&#215;600&#8243; onclick=&#8221;zoom&#8221;][\/vc_column_inner][vc_column_inner width=&#8221;1\/3&#8243;][vc_single_image image=&#8221;6023&#8243; img_size=&#8221;800&#215;600&#8243; onclick=&#8221;zoom&#8221;][\/vc_column_inner][\/vc_row_inner][\/vc_column][\/vc_row]<\/p>\n","protected":false},"excerpt":{"rendered":"<p>[vc_row equal_height=&#8221;yes&#8221;][vc_column css_animation=&#8221;fadeInLeft&#8221; width=&#8221;1\/2&#8243; css=&#8221;.vc_custom_1626514193162{background-position: center !important;background-repeat: no-repeat !important;background-size: cover !important;}&#8221;][vc_column_text] Im obersten Stockwerk befindet sich ein magischer Ort Unser in der Luft schwebende Infinity Pool ist ein spektakul\u00e4res Glasbecken mit Whirlpool, das Ihnen einen einzigartigen Blick auf das Meer bietet und Sie das ganze Jahr hindurch mit 30 Grad Wassertemperatur erwartet. Das Schwimmbad ist [&hellip;]<\/p>\n","protected":false},"author":1,"featured_media":0,"parent":0,"menu_order":0,"comment_status":"closed","ping_status":"closed","template":"","meta":{"footnotes":""},"class_list":["post-2906","page","type-page","status-publish","hentry"],"acf":[],"_links":{"self":[{"href":"https:\/\/theonecaorle.com\/de\/wp-json\/wp\/v2\/pages\/2906","targetHints":{"allow":["GET"]}}],"collection":[{"href":"https:\/\/theonecaorle.com\/de\/wp-json\/wp\/v2\/pages"}],"about":[{"href":"https:\/\/theonecaorle.com\/de\/wp-json\/wp\/v2\/types\/page"}],"author":[{"embeddable":true,"href":"https:\/\/theonecaorle.com\/de\/wp-json\/wp\/v2\/users\/1"}],"replies":[{"embeddable":true,"href":"https:\/\/theonecaorle.com\/de\/wp-json\/wp\/v2\/comments?post=2906"}],"version-history":[{"count":22,"href":"https:\/\/theonecaorle.com\/de\/wp-json\/wp\/v2\/pages\/2906\/revisions"}],"predecessor-version":[{"id":6121,"href":"https:\/\/theonecaorle.com\/de\/wp-json\/wp\/v2\/pages\/2906\/revisions\/6121"}],"wp:attachment":[{"href":"https:\/\/theonecaorle.com\/de\/wp-json\/wp\/v2\/media?parent=2906"}],"curies":[{"name":"wp","href":"https:\/\/api.w.org\/{rel}","templated":true}]}}