{"id":3317,"date":"2021-03-27T19:01:30","date_gmt":"2021-03-27T19:01:30","guid":{"rendered":"https:\/\/theonecaorle.com\/the-one\/"},"modified":"2024-03-26T11:01:09","modified_gmt":"2024-03-26T11:01:09","slug":"the-one","status":"publish","type":"page","link":"https:\/\/theonecaorle.com\/cs\/the-one\/","title":{"rendered":"The One"},"content":{"rendered":"<p>[vc_row][vc_column width=&#8221;6\/12&#8243; css=&#8221;.vc_custom_1467360650255{margin-top: 10px !important;margin-bottom: 10px !important;padding-top: 0px !important;padding-right: 40px !important;}&#8221;]<div style=\"background-color:; height: 10px;\" class=\"nicdark_section  \"><\/div> <h1 style=\"color:#1c1c1c; padding:px; text-align:right; font-size:40px; line-height:50px; letter-spacing: px; font-weight:normal;\" class=\"  nd_options_text_align_center_responsive_important nd_options_first_font \">The One Caorle Hotel &amp; Apartm\u00e1ny Suite Family,<\/h1> <div style=\"background-color:; height: 50px;\" class=\"nicdark_section  \"><\/div> <p style=\"color:#1c1c1c; padding:px; text-align:right; font-size:16px; line-height:35px; letter-spacing: px; font-weight:lighter;\" class=\"  nd_options_text_align_center_responsive_important nd_options_second_font \">v srdci m\u011bste\u010dka Caorle, 50 metr\u016f od mo\u0159e, p\u0159edstavuj\u00ed novou filozofii luxusu s modern\u00edm designem.<\/p> [\/vc_column][vc_column width=&#8221;3\/12&#8243; css=&#8221;.vc_custom_1467207292391{margin-top: 10px !important;margin-bottom: 10px !important;padding-top: 0px !important;}&#8221;]<div style=\"background-color:; height: 20px;\" class=\"nicdark_section  \"><\/div>[vc_column_text el_class=&#8221;nd_options_text_align_center_responsive&#8221;]<\/p>\n<div class=\"page\" title=\"Page 1\">\n<div class=\"section\">\n<div class=\"layoutArea\">\n<div class=\"column\">\n<p>Po vstupu do haly s modern\u00edm a elegantn\u00edm vybaven\u00edm si m\u016f\u017eete posed\u011bt v \u00fatuln\u00e9m prost\u0159ed\u00ed a u\u017e\u00edt si p\u0159\u00edjemnou chv\u00edli v baru. Na\u0161e st\u0159e\u0161n\u00ed terasa o rozloze 850 m2 v 8. pat\u0159e v\u00e1m poskytne neobvykl\u00e9 z\u00e1\u017eitky: bohatou sn\u00eddani s v\u00fdhledem na mo\u0159e, p\u0159\u00edjemn\u00fd ob\u011bd ve st\u0159edomo\u0159sk\u00e9 atmosf\u00e9\u0159e nebo gurm\u00e1nskou ve\u010de\u0159i za svitu hv\u011bzd. Skute\u010dn\u00fdm klenotem na\u0161eho hotelu je infinity pool v posledn\u00edm pat\u0159e, velkolep\u00fd prosklen\u00fd baz\u00e9n vyh\u0159\u00edvan\u00fd na 30 stup\u0148\u016f, jako by zav\u011b\u0161en\u00fd v nebi.<\/p><\/div>\n<\/div>\n<\/div>\n<\/div>\n<p>[\/vc_column_text][\/vc_column][vc_column width=&#8221;3\/12&#8243; css=&#8221;.vc_custom_1467207298589{margin-top: 10px !important;margin-bottom: 10px !important;padding-top: 0px !important;}&#8221;]<div style=\"background-color:; height: 20px;\" class=\"nicdark_section  \"><\/div>[vc_column_text el_class=&#8221;nd_options_text_align_center_responsive&#8221;]<\/p>\n<div class=\"page\" title=\"Page 1\">\n<div class=\"section\">\n<div class=\"layoutArea\">\n<div class=\"column\">\n<p>Pokud si chcete odpo\u010dinout p\u0159i pohledu na obzor, nechte se kol\u00e9bat v na\u0161ich leh\u00e1tk\u00e1ch ve velk\u00e9m sol\u00e1riu nebo si dop\u0159ejte ty nejlep\u0161\u00ed bublinky ve Sky baru 360 by Pommery. Pro va\u0161i relaxaci a pohodu zde najdete wellness centrum a pln\u011b vybavenou posilovnu. Restaurace Stelu &#8216;v\u00e1s p\u0159iv\u00edt\u00e1 na chutnou ve\u010de\u0159i se specialitami italsk\u00e9 kuchyn\u011b a nejlep\u0161\u00edm v\u00fdb\u011brem v\u00edn. Na\u0161e p\u0159edstava se zrodila z touhy poskytovat host\u016fm nov\u00e9, povzbuzuj\u00edc\u00ed a jedine\u010dn\u00e9 z\u00e1\u017eitky.<\/p><\/div>\n<\/div>\n<\/div>\n<\/div>\n<p>[\/vc_column_text][\/vc_column][\/vc_row][vc_row gap=&#8221;15&#8243; equal_height=&#8221;yes&#8221; content_placement=&#8221;middle&#8221; css=&#8221;.vc_custom_1615152745578{margin-top: 30px !important;}&#8221;][vc_column width=&#8221;1\/3&#8243; css=&#8221;.vc_custom_1615152996895{padding-top: 100px !important;padding-bottom: 100px !important;background-image: url(http:\/\/theonecaorle.com\/media\/2021\/03\/skybar.jpg?id=1561) !important;background-position: center !important;background-repeat: no-repeat !important;background-size: cover !important;}&#8221;][vc_column_text el_class=&#8221;text-white&#8221;]<\/p>\n<h3 style=\"text-align: center;\"><strong>INFINITY POOL &#8211; AREA SOLARIUM<\/strong><\/h3>\n<p style=\"text-align: center;\"><a href=\"https:\/\/theonecaorle.com\/cs\/infinity-pool\/\">Zjistit v\u00edce<\/a><\/p>\n<p>[\/vc_column_text][\/vc_column][vc_column width=&#8221;1\/3&#8243; css=&#8221;.vc_custom_1616424374385{padding-top: 100px !important;padding-bottom: 100px !important;background-image: url(http:\/\/theonecaorle.com\/media\/2021\/03\/solarium-theone.jpg?id=1562) !important;background-position: center !important;background-repeat: no-repeat !important;background-size: cover !important;}&#8221;][vc_column_text el_class=&#8221;text-white&#8221;]<\/p>\n<h3 style=\"text-align: center;\"><strong>360\u00b0 SKY BAR by Pommery<\/strong><\/h3>\n<p style=\"text-align: center;\"><a href=\"https:\/\/theonecaorle.com\/cs\/sky-bar-360-by-pommery\/\">Zjistit v\u00edce<\/a><\/p>\n<p>[\/vc_column_text][\/vc_column][vc_column width=&#8221;1\/3&#8243; css=&#8221;.vc_custom_1616424380645{padding-top: 100px !important;padding-bottom: 100px !important;background-image: url(http:\/\/theonecaorle.com\/media\/2021\/03\/wellness-1.jpg?id=1563) !important;background-position: center !important;background-repeat: no-repeat !important;background-size: cover !important;}&#8221;][vc_column_text el_class=&#8221;text-white&#8221;]<\/p>\n<h3 style=\"text-align: center;\"><strong>WELLNESS AREA<\/strong><\/h3>\n<p style=\"text-align: center;\"><a href=\"https:\/\/theonecaorle.com\/cs\/areal-wellness\/\">Zjistit v\u00edce<\/a><\/p>\n<p>[\/vc_column_text][\/vc_column][\/vc_row][vc_row gap=&#8221;15&#8243; equal_height=&#8221;yes&#8221; content_placement=&#8221;middle&#8221; css=&#8221;.vc_custom_1615152745578{margin-top: 30px !important;}&#8221;][vc_column width=&#8221;1\/3&#8243; css=&#8221;.vc_custom_1616424391694{padding-top: 100px !important;padding-bottom: 100px !important;background-image: url(https:\/\/theonecaorle.com\/media\/2021\/03\/57813092_m.jpg?id=2972) !important;background-position: center !important;background-repeat: no-repeat !important;background-size: cover !important;}&#8221;][vc_column_text el_class=&#8221;text-white&#8221;]<\/p>\n<h3 style=\"text-align: center;\"><strong>GYM<\/strong><\/h3>\n<p style=\"text-align: center;\"><a href=\"https:\/\/theonecaorle.com\/cs\/gym\/\">Zjistit v\u00edce<\/a><\/p>\n<p>[\/vc_column_text][\/vc_column][vc_column width=&#8221;1\/3&#8243; css=&#8221;.vc_custom_1616424400717{padding-top: 100px !important;padding-bottom: 100px !important;background-image: url(http:\/\/theonecaorle.com\/media\/2021\/03\/ristorante-stelu.jpg?id=1570) !important;background-position: center !important;background-repeat: no-repeat !important;background-size: cover !important;}&#8221;][vc_column_text el_class=&#8221;text-white&#8221;]<\/p>\n<h3 style=\"text-align: center;\"><strong>RESTAURACE STEL\u00d9<\/strong><\/h3>\n<p style=\"text-align: center;\"><a href=\"https:\/\/theonecaorle.com\/cs\/restaurace-stelu\/\">Zjistit v\u00edce<\/a><\/p>\n<p>[\/vc_column_text][\/vc_column][vc_column width=&#8221;1\/3&#8243; css=&#8221;.vc_custom_1616424409819{padding-top: 100px !important;padding-bottom: 100px !important;background-image: url(http:\/\/theonecaorle.com\/media\/2021\/03\/breakfast.jpg?id=1571) !important;background-position: center !important;background-repeat: no-repeat !important;background-size: cover !important;}&#8221;][vc_column_text el_class=&#8221;text-white&#8221;]<\/p>\n<h3 style=\"text-align: center;\"><strong>SN\u00cdDAN\u011a S POHLEDEM NA MO\u0158E<\/strong><\/h3>\n<p style=\"text-align: center;\"><a href=\"https:\/\/theonecaorle.com\/cs\/snidane-s-pohledem-na-more\/\">Zjistit v\u00edce<\/a><\/p>\n<p>[\/vc_column_text][\/vc_column][\/vc_row][vc_row full_width=&#8221;stretch_row&#8221; parallax=&#8221;content-moving&#8221; parallax_image=&#8221;1573&#8243; css=&#8221;.vc_custom_1615154038512{margin-top: 60px !important;padding-top: 100px !important;padding-bottom: 100px !important;}&#8221; el_class=&#8221;nd_options_vc_parallax_filter_2_2&#8243;][vc_column width=&#8221;8\/12&#8243;]\n\n\n    <div class=\"nd_options_section nd_options_position_relative \">\n        <img decoding=\"async\" alt=\"\" class=\"nd_options_position_absolute nd_options_left_0\" width=\"55\" src=\"\">\n        <div class=\"nd_options_section nd_options_padding_left_80 nd_options_box_sizing_border_box\">\n            <h1 class=\"nd_options_font_size_40 nd_options_line_height_50\" style=\"color:#ffffff;\"><strong>Enjoy a luxury experience<\/strong><\/h1>\n        <\/div>\n    <\/div>\n\n\n  <div style=\"background-color:; height: 70px;\" class=\"nicdark_section  \"><\/div>[vc_row_inner][vc_column_inner width=&#8221;1\/4&#8243; css=&#8221;.vc_custom_1469630269458{padding-top: 10px !important;padding-bottom: 10px !important;}&#8221;]\n \n  <script type=\"text\/javascript\">\n    \/\/<![CDATA[\n    \n    jQuery(document).ready(function() {\n\n      \/\/START counter\n      jQuery(function ($) {\n        \n        \/\/ start all the timers\n        $(\".nd_options_counter\").each(count);\n        \n        function count(options) {\n            var $this = $(this);\n            options = $.extend({}, options || {}, $this.data(\"countToOptions\") || {});\n            $this.countTo(options);\n        }\n\n      });\n      \/\/END counter\n\n    });\n\n    \/\/]]>\n  <\/script>\n\n  <h1 style=\"text-align:center; color:#ffffff; font-size:50px; \" class=\" nd_options_counter_component_l1 nd_options_font_weight_bolder nd_options_counter  \" data-to=\"8\" data-speed=\"1000\">8<\/h1><div style=\"background-color:; height: 20px;\" class=\"nicdark_section  \"><\/div> <p style=\"color:#ffffff; padding:px; text-align:center; font-size:15px; line-height:30px; letter-spacing: 2px; font-weight:lighter;\" class=\"   nd_options_second_font \">Appartamenti<\/p> [\/vc_column_inner][vc_column_inner width=&#8221;1\/4&#8243; css=&#8221;.vc_custom_1469630276028{padding-top: 10px !important;padding-bottom: 10px !important;}&#8221;]\n \n  <script type=\"text\/javascript\">\n    \/\/<![CDATA[\n    \n    jQuery(document).ready(function() {\n\n      \/\/START counter\n      jQuery(function ($) {\n        \n        \/\/ start all the timers\n        $(\".nd_options_counter\").each(count);\n        \n        function count(options) {\n            var $this = $(this);\n            options = $.extend({}, options || {}, $this.data(\"countToOptions\") || {});\n            $this.countTo(options);\n        }\n\n      });\n      \/\/END counter\n\n    });\n\n    \/\/]]>\n  <\/script>\n\n  <h1 style=\"text-align:center; color:#ffffff; font-size:50px; \" class=\" nd_options_counter_component_l1 nd_options_font_weight_bolder nd_options_counter  \" data-to=\"94\" data-speed=\"1000\">94<\/h1><div style=\"background-color:; height: 20px;\" class=\"nicdark_section  \"><\/div> <p style=\"color:#ffffff; padding:px; text-align:center; font-size:15px; line-height:30px; letter-spacing: 2px; font-weight:lighter;\" class=\"   nd_options_second_font \">Pokoje<\/p> [\/vc_column_inner][\/vc_row_inner][\/vc_column][vc_column width=&#8221;4\/12&#8243;][\/vc_column][\/vc_row][vc_row css=&#8221;.vc_custom_1492509935473{margin-top: 45px !important;}&#8221;][vc_column width=&#8221;1\/12&#8243; el_class=&#8221;nd_options_text_align_center&#8221;][\/vc_column][vc_column width=&#8221;5\/12&#8243;]<div style=\"background-color:; height: 25px;\" class=\"nicdark_section  \"><\/div>\n\n    <div class=\"nd_options_section nd_options_position_relative \">\n\n        <img decoding=\"async\" style=\"top:10px;\" alt=\"\" class=\"nd_options_position_absolute nd_options_left_0\" width=\"50\" src=\"https:\/\/theonecaorle.com\/media\/2017\/07\/icon-13.png\">\n\n        <div style=\"padding-left:70px;\" class=\"nd_options_section nd_options_box_sizing_border_box\">\n            \n            <h3 class=\"  \" style=\"margin:; color:; font-size:px;line-height:px;\">Bar<\/h3> \n            <p class=\"nd_options_second_font  \" style=\"margin:0px 0px 15px 0px; color:#878787; font-size:14px;line-height:24px;\">Bar v p\u0159\u00edzem\u00ed v recepci<\/p> \n            \n\n        <\/div>\n\n    <\/div>\n\n  <div style=\"background-color:; height: 50px;\" class=\"nicdark_section  \"><\/div>\n\n    <div class=\"nd_options_section nd_options_position_relative \">\n\n        <img decoding=\"async\" style=\"top:10px;\" alt=\"\" class=\"nd_options_position_absolute nd_options_left_0\" width=\"50\" src=\"https:\/\/theonecaorle.com\/media\/2017\/07\/icon-12-1.png\">\n\n        <div style=\"padding-left:70px;\" class=\"nd_options_section nd_options_box_sizing_border_box\">\n            \n            <h3 class=\"  \" style=\"margin:; color:; font-size:px;line-height:px;\">WIFI<\/h3> \n            <p class=\"nd_options_second_font  \" style=\"margin:0px 0px 15px 0px; color:#878787; font-size:14px;line-height:24px;\">Internet: WLAN \/ WiFi v cel\u00e9m hotelu<\/p> \n            \n\n        <\/div>\n\n    <\/div>\n\n  <div style=\"background-color:; height: 25px;\" class=\"nicdark_section  \"><\/div>[\/vc_column][vc_column width=&#8221;5\/12&#8243;]<div style=\"background-color:; height: 25px;\" class=\"nicdark_section  \"><\/div>\n\n    <div class=\"nd_options_section nd_options_position_relative \">\n\n        <img decoding=\"async\" style=\"top:10px;\" alt=\"\" class=\"nd_options_position_absolute nd_options_left_0\" width=\"50\" src=\"https:\/\/theonecaorle.com\/media\/2017\/07\/icon-11.png\">\n\n        <div style=\"padding-left:70px;\" class=\"nd_options_section nd_options_box_sizing_border_box\">\n            \n            <h3 class=\"  \" style=\"margin:; color:; font-size:px;line-height:px;\">Bike experience<\/h3> \n            <p class=\"nd_options_second_font  \" style=\"margin:0px 0px 15px 0px; color:#878787; font-size:14px;line-height:24px;\">Bezplatn\u00fd servis kol<\/p> \n            \n\n        <\/div>\n\n    <\/div>\n\n  <div style=\"background-color:; height: 50px;\" class=\"nicdark_section  \"><\/div>\n\n    <div class=\"nd_options_section nd_options_position_relative \">\n\n        <img decoding=\"async\" style=\"top:10px;\" alt=\"\" class=\"nd_options_position_absolute nd_options_left_0\" width=\"50\" src=\"https:\/\/theonecaorle.com\/media\/2017\/07\/icon-14-1.png\">\n\n        <div style=\"padding-left:70px;\" class=\"nd_options_section nd_options_box_sizing_border_box\">\n            \n            <h3 class=\"  \" style=\"margin:; color:; font-size:px;line-height:px;\">Ininity Pool<\/h3> \n            <p class=\"nd_options_second_font  \" style=\"margin:0px 0px 15px 0px; color:#878787; font-size:14px;line-height:24px;\">Nekone\u010dn\u00fd baz\u00e9n s v\u00fdhledem na mo\u0159e v nejvy\u0161\u0161\u00edm pat\u0159e vyh\u0159\u00edvan\u00fd hydromas\u00e1\u017e\u00ed<\/p> \n            \n\n        <\/div>\n\n    <\/div>\n\n  <div style=\"background-color:; height: 25px;\" class=\"nicdark_section  \"><\/div>[\/vc_column][vc_column width=&#8221;1\/12&#8243;][\/vc_column][\/vc_row][vc_row css=&#8221;.vc_custom_1492511016596{margin-top: 40px !important;margin-bottom: 20px !important;}&#8221;][vc_column el_class=&#8221;nd_options_text_align_center&#8221;]\n\t<div class=\"nd_options_section nd_options_text_align_center\">\n\t<a style=\"border: px solid ; border-radius:px; letter-spacing:2px; line-height:11px; font-size:11px; background-color:#c19b76; padding:15px 35px; margin:; color:#ffffff;\" rel=\"\"  href=\"http:\/\/theonecaorle.com\/our-services\/\" class=\"nicdark_display_inline_block  nd_options_font_weight_bold nd_options_second_font  \">ZOBRAZIT V\u0160ECHNY SLU\u017dBY<\/a>\n\t<\/div>\n[\/vc_column][\/vc_row]<\/p>\n","protected":false},"excerpt":{"rendered":"<p>[vc_row][vc_column width=&#8221;6\/12&#8243; css=&#8221;.vc_custom_1467360650255{margin-top: 10px !important;margin-bottom: 10px !important;padding-top: 0px !important;padding-right: 40px !important;}&#8221;][\/vc_column][vc_column width=&#8221;3\/12&#8243; css=&#8221;.vc_custom_1467207292391{margin-top: 10px !important;margin-bottom: 10px !important;padding-top: 0px !important;}&#8221;][vc_column_text el_class=&#8221;nd_options_text_align_center_responsive&#8221;] Po vstupu do haly s modern\u00edm a elegantn\u00edm vybaven\u00edm si m\u016f\u017eete posed\u011bt v \u00fatuln\u00e9m prost\u0159ed\u00ed a u\u017e\u00edt si p\u0159\u00edjemnou chv\u00edli v baru. Na\u0161e st\u0159e\u0161n\u00ed terasa o rozloze 850 m2 v 8. pat\u0159e v\u00e1m poskytne neobvykl\u00e9 [&hellip;]<\/p>\n","protected":false},"author":1,"featured_media":0,"parent":0,"menu_order":0,"comment_status":"closed","ping_status":"closed","template":"","meta":{"footnotes":""},"class_list":["post-3317","page","type-page","status-publish","hentry"],"acf":[],"_links":{"self":[{"href":"https:\/\/theonecaorle.com\/cs\/wp-json\/wp\/v2\/pages\/3317","targetHints":{"allow":["GET"]}}],"collection":[{"href":"https:\/\/theonecaorle.com\/cs\/wp-json\/wp\/v2\/pages"}],"about":[{"href":"https:\/\/theonecaorle.com\/cs\/wp-json\/wp\/v2\/types\/page"}],"author":[{"embeddable":true,"href":"https:\/\/theonecaorle.com\/cs\/wp-json\/wp\/v2\/users\/1"}],"replies":[{"embeddable":true,"href":"https:\/\/theonecaorle.com\/cs\/wp-json\/wp\/v2\/comments?post=3317"}],"version-history":[{"count":9,"href":"https:\/\/theonecaorle.com\/cs\/wp-json\/wp\/v2\/pages\/3317\/revisions"}],"predecessor-version":[{"id":5705,"href":"https:\/\/theonecaorle.com\/cs\/wp-json\/wp\/v2\/pages\/3317\/revisions\/5705"}],"wp:attachment":[{"href":"https:\/\/theonecaorle.com\/cs\/wp-json\/wp\/v2\/media?parent=3317"}],"curies":[{"name":"wp","href":"https:\/\/api.w.org\/{rel}","templated":true}]}}